{"id":7426,"date":"2022-06-02T17:05:44","date_gmt":"2022-06-02T17:05:44","guid":{"rendered":"https:\/\/outlet-tours.com\/?post_type=product&#038;p=7426"},"modified":"2022-06-14T03:20:07","modified_gmt":"2022-06-14T03:20:07","slug":"jolly-roger-pirate-boat-deluxe-lobster-steak-adults","status":"publish","type":"product","link":"https:\/\/easytravelmexico.com\/es\/producto\/jolly-roger-pirate-boat-deluxe-lobster-steak-adults\/","title":{"rendered":"Barco Pirata Jolly Roger Deluxe \u2013 Langosta y Filete Adultos +12"},"content":{"rendered":"<p><span style=\"vertical-align: inherit\"><span style=\"vertical-align: inherit\">Barco Pirata Jolly Roger Deluxe \u2013 Langosta y <\/span><span style=\"vertical-align: inherit\">Bistec Adultos +12<\/span><\/span><\/p>\n<p><span style=\"vertical-align: inherit\"><span style=\"vertical-align: inherit\">El Jolly Roger Pirate Show Canc\u00fan lo invita a bordo de un aut\u00e9ntico gale\u00f3n pirata repleto de entretenimiento, m\u00fasica en vivo, diversi\u00f3n familiar, fuegos artificiales y una actuaci\u00f3n teatral totalmente orquestada con deslumbrantes efectos especiales.<\/span><\/span><\/p>\n<p><span style=\"vertical-align: inherit\"><span style=\"vertical-align: inherit\">Saboree una deliciosa cena gourmet con 13 opciones que incluyen langosta, mar y tierra y un men\u00fa para ni\u00f1os. <\/span><span style=\"vertical-align: inherit\">\u00a1No olvides que las bebidas tambi\u00e9n est\u00e1n incluidas! <\/span><span style=\"vertical-align: inherit\">Disfruta de 3 horas y media de travesuras piratas completas mientras cenas y bebes con estilo.<\/span><\/span><\/p>\n<p><span style=\"vertical-align: inherit\"><span style=\"vertical-align: inherit\">Este Tour dura aproximadamente 3.5 horas. <\/span><span style=\"vertical-align: inherit\">Este recorrido es para toda la familia. <\/span><span style=\"vertical-align: inherit\">Como la capacidad es limitada, recomendamos comprar sus boletos con anticipaci\u00f3n, solo proporciones su n\u00famero de reserva a su llegada, en nuestra boleter\u00eda dentro de la Terminal Mar\u00edtima.<\/span><\/span><\/p>\n<p><span style=\"vertical-align: inherit\"><span style=\"vertical-align: inherit\">Estar en la Terminal Mar\u00edtima, una hora antes de la salida. <\/span><span style=\"vertical-align: inherit\">deber\u00eda pagar una tarifa de entrada al puerto, por lo que debe traer efectivo, as\u00ed como dinero extra para comprar recuerdos y propinas a bordo. <\/span><span style=\"vertical-align: inherit\">Esto aplica para beb\u00e9s, ni\u00f1os y adultos. <\/span><span style=\"vertical-align: inherit\">El dep\u00f3sito no es reembolsable. <\/span><span style=\"vertical-align: inherit\">Puede tomar fotos y videos durante los espect\u00e1culos, las c\u00e1maras a bordo est\u00e1n permitidas y recomendadas. <\/span><span style=\"vertical-align: inherit\">Es importante considerar el impuesto de muelle $13 USD por persona (Solo mayores de 5 a\u00f1os), este monto se paga directamente en taquilla para que pueda recoger sus pases de abordar.<\/span><\/span><\/p>\n<p><strong><span style=\"vertical-align: inherit\"><span style=\"vertical-align: inherit\">\u00a0 \u00a0 \u00a0 \u00a0 \u00a0 \u00a0 \u00a0 \u00a0 \u00a0Itinerario<\/span><\/span><\/strong><\/p>\n<p><span style=\"vertical-align: inherit\"><span style=\"vertical-align: inherit\">Salida desde el muelle de El Embarcadero Playa Linda a las 6:30 pm <\/span><\/span><br \/>\n<span style=\"vertical-align: inherit\"><span style=\"vertical-align: inherit\">Introducci\u00f3n y actividades con la tripulaci\u00f3n pirata a las 7:00 pm <\/span><\/span><br \/>\n<span style=\"vertical-align: inherit\"><span style=\"vertical-align: inherit\">Cena a las 8:00 pm <\/span><\/span><br \/>\n<span style=\"vertical-align: inherit\"><span style=\"vertical-align: inherit\">Espect\u00e1culo \u00e9pico de piratas de 20:45 a 21:20 <\/span><\/span><br \/>\n<span style=\"vertical-align: inherit\"><span style=\"vertical-align: inherit\">Hora de fiesta 21:25 <\/span><\/span><br \/>\n<span style=\"vertical-align: inherit\"><span style=\"vertical-align: inherit\">Regreso a El Muelle Embarcadero a las 22:00 horas <\/span><\/span><br \/>\n<span style=\"vertical-align: inherit\"><span style=\"vertical-align: inherit\">Notas Importantes<\/span><\/span><\/p>\n<p><span style=\"vertical-align: inherit\"><span style=\"vertical-align: inherit\">Usa zapatos y ropa c\u00f3moda. <\/span><\/span><br \/>\n<span style=\"vertical-align: inherit\"><span style=\"vertical-align: inherit\">Evite usar zapatos de tac\u00f3n alto, ya que estar\u00e1 bailando y jugando. <\/span><\/span><br \/>\n<span style=\"vertical-align: inherit\"><span style=\"vertical-align: inherit\">Durante el invierno, traiga un su\u00e9ter ligero para el viaje de regreso en bote; <\/span><span style=\"vertical-align: inherit\">puede ponerse fresco.<\/span><\/span><\/p>\n<p><span style=\"vertical-align: inherit\"><span style=\"vertical-align: inherit\">Tarifa adultos +12<\/span><\/span><\/p>\n<p><span style=\"vertical-align: inherit\"><span style=\"vertical-align: inherit\">Tarifa para ni\u00f1os de 3 a 11 a\u00f1os<\/span><\/span><\/p>\n<p><strong><span style=\"vertical-align: inherit\"><span style=\"vertical-align: inherit\">\u00a0 \u00a0 \u00a0 \u00a0 \u00a0 \u00a0 \u00a0Caracter\u00edsticas del tour<\/span><\/span><\/strong><br \/>\n<span style=\"vertical-align: inherit\"><span style=\"vertical-align: inherit\"> Fant\u00e1sticos personajes de la vida real con efectos especiales FX <\/span><\/span><br \/>\n<span style=\"vertical-align: inherit\"><span style=\"vertical-align: inherit\">Crucero de 3 \u00bd horas por la bah\u00eda alrededor de Canc\u00fan e Isla Mujeres <\/span><\/span><br \/>\n<span style=\"vertical-align: inherit\"><span style=\"vertical-align: inherit\">Cena gourmet y barra libre premium ilimitada (Black Label, Crown Royal, Buchanan\u00b4s, Jack Daniel\u00b4s, Vodka Ciroc y m\u00e1s) <\/span><\/span><br \/>\n<span style=\"vertical-align: inherit\"><span style=\"vertical-align: inherit\">Entretenimiento de m\u00fasica en vivo con actuaciones especiales durante el espect\u00e1culo pirata y la cena <\/span><\/span><br \/>\n<span style=\"vertical-align: inherit\"><span style=\"vertical-align: inherit\">Experiencia pirata completa a bordo de una r\u00e9plica aut\u00e9ntica del barco pirata Gale\u00f3n <\/span><\/span><br \/>\n<span style=\"vertical-align: inherit\"><span style=\"vertical-align: inherit\">Efectos especiales incre\u00edbles y un gran espect\u00e1culo final de fuegos artificiales <\/span><\/span><br \/>\n<span style=\"vertical-align: inherit\"><span style=\"vertical-align: inherit\">restaurante con aire acondicionado <\/span><\/span><br \/>\n<span style=\"vertical-align: inherit\"><span style=\"vertical-align: inherit\">Espect\u00e1culos disponibles en ingl\u00e9s y espa\u00f1ol <\/span><\/span><br \/>\n<span style=\"vertical-align: inherit\"><span style=\"vertical-align: inherit\">Actividades divertidas para ni\u00f1os y adultos<\/span><\/span><br \/>\n<span style=\"vertical-align: inherit\"><span style=\"vertical-align: inherit\">Este tour es ideal para toda la familia; <\/span><span style=\"vertical-align: inherit\">incluimos una b\u00fasqueda del tesoro aventurera para los m\u00e1s peque\u00f1os, y hay un ambiente de fiesta divertido y animado y diversi\u00f3n para adultos solo para adultos tambi\u00e9n <\/span><\/span><br \/>\n<span style=\"vertical-align: inherit\"><span style=\"vertical-align: inherit\">Experimente el mejor bar de lujo en el \u00e1rea de Canc\u00fan, con una amplia gama y variedad de licores, cervezas y vinos. opciones \u00fanicas en la regi\u00f3n <\/span><\/span><br \/>\n<span style=\"vertical-align: inherit\"><span style=\"vertical-align: inherit\">Disfrute de una incre\u00edble cena gourmet a bordo mientras se deleita con el mejor espect\u00e1culo de Canc\u00fan. <\/span><span style=\"vertical-align: inherit\">Los invitados disfrutar\u00e1n de 11 opciones diferentes de deliciosos platos preparados por nuestro Chef Armando, quien tiene experiencia de clase mundial en cocina internacional.<\/span><\/span><br \/>\n<span style=\"vertical-align: inherit\"><span style=\"vertical-align: inherit\">Los hu\u00e9spedes disfrutar\u00e1n de un servicio personalizado con 1 pirata asignado por cada 15 hu\u00e9spedes lo que asegura un alto nivel de servicio que nos ha llevado a ganar el Certificado de Excelencia de TripAdvisor por tres a\u00f1os consecutivos. <\/span><span style=\"vertical-align: inherit\">\u00bfA qui\u00e9n no le encantar\u00eda que un pirata con su aut\u00e9ntico atuendo pirata le sirviera su c\u00f3ctel?<\/span><\/span><\/p>\n<p><strong><span style=\"vertical-align: inherit\"><span style=\"vertical-align: inherit\">\u00a0 \u00a0 \u00a0 \u00a0 barra libre de lujo<\/span><\/span><\/strong><br \/>\n<span style=\"vertical-align: inherit\"><span style=\"vertical-align: inherit\"> Whisky Johnnie Walker Etiqueta Negra y Roja <\/span><\/span><br \/>\n<span style=\"vertical-align: inherit\"><span style=\"vertical-align: inherit\">Whisky Bulleit Bourbon <\/span><\/span><br \/>\n<span style=\"vertical-align: inherit\"><span style=\"vertical-align: inherit\">ron zacapa <\/span><\/span><br \/>\n<span style=\"vertical-align: inherit\"><span style=\"vertical-align: inherit\">Vodka Ciroc <\/span><\/span><br \/>\n<span style=\"vertical-align: inherit\"><span style=\"vertical-align: inherit\">Ciroc Vodka <\/span><\/span><br \/>\n<span style=\"vertical-align: inherit\"><span style=\"vertical-align: inherit\">Tequila Don Julio Blanco o Reposado <\/span><\/span><br \/>\n<span style=\"vertical-align: inherit\"><span style=\"vertical-align: inherit\">Y m\u00e1s.<\/span><\/span><\/p>\n<p><span style=\"vertical-align: inherit\"><span style=\"vertical-align: inherit\">Estar en el punto de encuentro de salida: muelle El Embarcadero Playa Linda a las 6:30 pm<\/span><\/span><\/p>\n<p>&nbsp;<\/p>","protected":false},"excerpt":{"rendered":"<p><span style=\"vertical-align: inherit\"><span style=\"vertical-align: inherit\">El Jolly Roger Pirate Show Canc\u00fan lo invita a bordo de un aut\u00e9ntico gale\u00f3n pirata repleto de entretenimiento, m\u00fasica en vivo, diversi\u00f3n familiar, fuegos artificiales y una actuaci\u00f3n teatral totalmente orquestada con deslumbrantes efectos especiales.<\/span><\/span><\/p>\n<p><span style=\"vertical-align: inherit\"><span style=\"vertical-align: inherit\">Saboree una deliciosa cena gourmet con 13 opciones que incluyen langosta, mar y tierra y un men\u00fa para ni\u00f1os. <\/span><span style=\"vertical-align: inherit\">\u00a1No olvides que las bebidas tambi\u00e9n est\u00e1n incluidas! <\/span><span style=\"vertical-align: inherit\">Disfruta de 3 horas y media de travesuras piratas completas mientras cenas y bebes con estilo. <\/span><span style=\"vertical-align: inherit\">Este Tour dura aproximadamente 3.5 horas. <\/span><span style=\"vertical-align: inherit\">Este tour es para todas las familias.\u00a0 <\/span><\/span><strong><span style=\"vertical-align: inherit\"><span style=\"vertical-align: inherit\">Barra Libre de Lujo:<\/span><\/span><\/strong><span style=\"vertical-align: inherit\"><span style=\"vertical-align: inherit\"> Whisky Johnnie Walker Black Label y Red Label, Whisky Bulleit Bourbon, Ron Zacapa, Vodka C\u00eeroc, Vodka Ciroc, Tequila Don Julio Blanco o Reposado, y m\u00e1s. <\/span><span style=\"vertical-align: inherit\">Espect\u00e1culo \u00e9pico de piratas y Party Time.<\/span><\/span><\/p>\n<p><em><strong><span style=\"vertical-align: inherit\"><span style=\"vertical-align: inherit\">Infantes de 0 a 2 a\u00f1os sin cargo. <\/span><span style=\"vertical-align: inherit\">Las tarifas de ni\u00f1os son de 3 a 11 a\u00f1os,\u00a0\u00a0<\/span><\/span><\/strong><\/em><\/p>","protected":false},"featured_media":7706,"comment_status":"open","ping_status":"closed","template":"","meta":{"site-sidebar-layout":"default","site-content-layout":"default","ast-site-content-layout":"default","site-content-style":"default","site-sidebar-style":"default","ast-global-header-display":"","ast-banner-title-visibility":"","ast-main-header-display":"","ast-hfb-above-header-display":"","ast-hfb-below-header-display":"","ast-hfb-mobile-header-display":"","site-post-title":"","ast-breadcrumbs-content":"","ast-featured-img":"","footer-sml-layout":"","ast-disable-related-posts":"","theme-transparent-header-meta":"default","adv-header-id-meta":"","stick-header-meta":"default","header-above-stick-meta":"","header-main-stick-meta":"","header-below-stick-meta":"","astra-migrate-meta-layouts":"default","ast-page-background-enabled":"default","ast-page-background-meta":{"desktop":{"background-color":"","background-image":"","background-repeat":"repeat","background-position":"center center","background-size":"auto","background-attachment":"scroll","background-type":"","background-media":"","overlay-type":"","overlay-color":"","overlay-opacity":"","overlay-gradient":""},"tablet":{"background-color":"","background-image":"","background-repeat":"repeat","background-position":"center center","background-size":"auto","background-attachment":"scroll","background-type":"","background-media":"","overlay-type":"","overlay-color":"","overlay-opacity":"","overlay-gradient":""},"mobile":{"background-color":"","background-image":"","background-repeat":"repeat","background-position":"center center","background-size":"auto","background-attachment":"scroll","background-type":"","background-media":"","overlay-type":"","overlay-color":"","overlay-opacity":"","overlay-gradient":""}},"ast-content-background-meta":{"desktop":{"background-color":"var(--ast-global-color-5)","background-image":"","background-repeat":"repeat","background-position":"center center","background-size":"auto","background-attachment":"scroll","background-type":"","background-media":"","overlay-type":"","overlay-color":"","overlay-opacity":"","overlay-gradient":""},"tablet":{"background-color":"var(--ast-global-color-5)","background-image":"","background-repeat":"repeat","background-position":"center center","background-size":"auto","background-attachment":"scroll","background-type":"","background-media":"","overlay-type":"","overlay-color":"","overlay-opacity":"","overlay-gradient":""},"mobile":{"background-color":"var(--ast-global-color-5)","background-image":"","background-repeat":"repeat","background-position":"center center","background-size":"auto","background-attachment":"scroll","background-type":"","background-media":"","overlay-type":"","overlay-color":"","overlay-opacity":"","overlay-gradient":""}},"_joinchat":[]},"product_brand":[],"product_cat":[39,23,41,40],"product_tag":[],"class_list":{"0":"post-7426","1":"product","2":"type-product","3":"status-publish","4":"has-post-thumbnail","6":"product_cat-cun","7":"product_cat-night","8":"product_cat-pdc","9":"product_cat-rm","10":"desktop-align-left","11":"tablet-align-left","12":"mobile-align-left","14":"first","15":"instock","16":"featured","17":"taxable","18":"shipping-taxable","19":"purchasable","20":"product-type-simple"},"_links":{"self":[{"href":"https:\/\/easytravelmexico.com\/es\/wp-json\/wp\/v2\/product\/7426","targetHints":{"allow":["GET"]}}],"collection":[{"href":"https:\/\/easytravelmexico.com\/es\/wp-json\/wp\/v2\/product"}],"about":[{"href":"https:\/\/easytravelmexico.com\/es\/wp-json\/wp\/v2\/types\/product"}],"replies":[{"embeddable":true,"href":"https:\/\/easytravelmexico.com\/es\/wp-json\/wp\/v2\/comments?post=7426"}],"version-history":[{"count":7,"href":"https:\/\/easytravelmexico.com\/es\/wp-json\/wp\/v2\/product\/7426\/revisions"}],"predecessor-version":[{"id":7716,"href":"https:\/\/easytravelmexico.com\/es\/wp-json\/wp\/v2\/product\/7426\/revisions\/7716"}],"wp:featuredmedia":[{"embeddable":true,"href":"https:\/\/easytravelmexico.com\/es\/wp-json\/wp\/v2\/media\/7706"}],"wp:attachment":[{"href":"https:\/\/easytravelmexico.com\/es\/wp-json\/wp\/v2\/media?parent=7426"}],"wp:term":[{"taxonomy":"product_brand","embeddable":true,"href":"https:\/\/easytravelmexico.com\/es\/wp-json\/wp\/v2\/product_brand?post=7426"},{"taxonomy":"product_cat","embeddable":true,"href":"https:\/\/easytravelmexico.com\/es\/wp-json\/wp\/v2\/product_cat?post=7426"},{"taxonomy":"product_tag","embeddable":true,"href":"https:\/\/easytravelmexico.com\/es\/wp-json\/wp\/v2\/product_tag?post=7426"}],"curies":[{"name":"wp","href":"https:\/\/api.w.org\/{rel}","templated":true}]}}