{"id":7413,"date":"2022-06-02T00:07:35","date_gmt":"2022-06-02T00:07:35","guid":{"rendered":"https:\/\/outlet-tours.com\/?post_type=product&#038;p=7413"},"modified":"2025-05-25T23:15:52","modified_gmt":"2025-05-25T23:15:52","slug":"xoximilco-admission-adult-with-transportation-from-riviera-maya","status":"publish","type":"product","link":"https:\/\/easytravelmexico.com\/es\/producto\/xoximilco-admission-adult-with-transportation-from-riviera-maya\/","title":{"rendered":"Entrada a Xoximilco Adulto con Transportaci\u00f3n desde Riviera Maya"},"content":{"rendered":"<p>Ven a Xoximilco a vivir una experiencia llena de los muchos matices que M\u00e9xico tiene para la fiesta.<\/p>\n<p>Aborda pintorescas trajineras representativas de los estados del pa\u00eds, disfrutando de la barra libre de tequila, cervezas, refrescos, aguas frescas y una experiencia gastron\u00f3mica con platillos t\u00edpicos de la cocina mexicana, adem\u00e1s podr\u00e1s cantar y sentir la m\u00fasica cantando y bailando con los ritmos rancheros, norte\u00f1os, la marimba y el \u00edcono musical y cultural que es el Mariachi.<br \/>\nAtracciones principales<br \/>\n\u2013 La fiesta comienza con una kerm\u00e9s mexicana y una sorpresa musical para entrar al ambiente.<br \/>\n\u2013 Paseo nocturno en trajineras por canales de la selva maya.<br \/>\n\u2013 Disfruta de la m\u00fasica en vivo de mariachi, norte\u00f1o, ranchero, jarana, marimba, banda de pueblo y campiranos.<br \/>\n\u2013 Prueba las delicias de la cocina mexicana y postres t\u00edpicos.<br \/>\n\u2013 Brindis con barra libre de tequila, cervezas y aguas frescas.<br \/>\nQu\u00e9 est\u00e1 incluido<br \/>\n\u2013 Bienvenida en una kerm\u00e9s mexicana con juegos t\u00edpicos, esquites y aguas frescas.<br \/>\n\u2013 Recorrido nocturno en trajinera por canales.<br \/>\n\u2013 Degustaci\u00f3n de platillos t\u00edpicos mexicanos muy representativos de M\u00e9xico.<br \/>\n\u2013 Barra libre de tequila, cerveza, aguas frescas y refrescos.<br \/>\n\u2013 Grupos de m\u00fasica t\u00edpica mexicana en vivo: mariachi, norte\u00f1o, ranchero, jarana, marimba, banda de pueblo y campiranos.<br \/>\n\u2013 El jueves se festeja con las Noches de Juan Gabriel, se baila y canta con sus \u00e9xitos.<br \/>\n\u2013 Un divertido animador que te acompa\u00f1ar\u00e1 durante el recorrido poniendo ambiente con juegos, informaci\u00f3n sobre los platos y una actitud festiva que garantice tu diversi\u00f3n.<br \/>\n\u2013 Duraci\u00f3n aproximada: 3 horas de recorrido.<br \/>\n\u2013 Aparcamiento gratuito.<br \/>\n\u2013 Otros servicios (cajero autom\u00e1tico y tienda).<br \/>\nNo incluido<br \/>\nRecuerdos, consejos, fotos<\/p>\n<p>Recomendaciones<br \/>\n\u2013 Debes traer tu comprobante de compra impreso.<br \/>\n\u2013 Usar ropa y calzado c\u00f3modos, preferiblemente pantalones largos.<br \/>\n\u2013 Sus bloqueadores, repelentes y bronceadores deben contener \u00fanicamente \u00f3xido de titanio y \u00f3xido de zinc para su uso en el Parque.<br \/>\n\u2013 Lleva efectivo o tarjeta para comprar souvenirs o adquirir las fotos de tu visita.<br \/>\nInformaci\u00f3n importante<br \/>\n\u2013 El horario de embarque de la primera trajinera es a las 20:00 horas de septiembre a marzo y a las 20:30 horas de abril a agosto.<br \/>\n\u2013 Duraci\u00f3n: 3 h aproximadamente.<br \/>\n\u2013 La edad m\u00ednima recomendada en Xoximilco es de 5 a\u00f1os (deber\u00e1n estar acompa\u00f1ados por un adulto en todo momento).<br \/>\n\u2013 Los ni\u00f1os de 5 a 11 a\u00f1os pagan la mitad de la entrada de adulto (es imprescindible presentar identificaci\u00f3n en las taquillas del Parque).<br \/>\n\u2013 Los ni\u00f1os que midan m\u00e1s de 1,40 m, pero menores de 12 a\u00f1os, deber\u00e1n presentar identificaci\u00f3n para acreditar su edad.<br \/>\n\u2013 Las reservas canceladas m\u00e1s de 2 d\u00edas antes de la fecha de llegada est\u00e1n sujetas a un cargo 10% por cargos administrativos; de 2 a 0 d\u00edas antes de la fecha de llegada, o en caso de no llegada, no ser\u00e1n reembolsables.<br \/>\n\u2013 No es posible cambiar la fecha en el mismo d\u00eda de su visita.<br \/>\n\u2013 Cada trajinera tiene una capacidad m\u00e1xima de 20 personas.<\/p>","protected":false},"excerpt":{"rendered":"<p>Ven a Xoximilco a vivir una experiencia llena de los muchos matices que M\u00e9xico tiene para la fiesta.<\/p>\n<p>Aborda pintorescas trajineras representativas de los estados del pa\u00eds, disfrutando de la barra libre de tequila, cervezas, refrescos, aguas frescas y una experiencia gastron\u00f3mica con platillos t\u00edpicos de la cocina mexicana, adem\u00e1s podr\u00e1s cantar y sentir la m\u00fasica cantando y bailando con los ritmos rancheros, norte\u00f1os, la marimba y el \u00edcono musical y cultural que es el Mariachi.<\/p>\n<p><strong>El precio para ni\u00f1os es para ni\u00f1os de 4 a 11 a\u00f1os.<\/strong><\/p>\n<p>&nbsp;<\/p>\n<p>&nbsp;<\/p>","protected":false},"featured_media":5364,"comment_status":"open","ping_status":"closed","template":"","meta":{"site-sidebar-layout":"default","site-content-layout":"default","ast-site-content-layout":"default","site-content-style":"default","site-sidebar-style":"default","ast-global-header-display":"","ast-banner-title-visibility":"","ast-main-header-display":"","ast-hfb-above-header-display":"","ast-hfb-below-header-display":"","ast-hfb-mobile-header-display":"","site-post-title":"","ast-breadcrumbs-content":"","ast-featured-img":"","footer-sml-layout":"","ast-disable-related-posts":"","theme-transparent-header-meta":"default","adv-header-id-meta":"","stick-header-meta":"","header-above-stick-meta":"","header-main-stick-meta":"","header-below-stick-meta":"","astra-migrate-meta-layouts":"default","ast-page-background-enabled":"default","ast-page-background-meta":{"desktop":{"background-color":"","background-image":"","background-repeat":"repeat","background-position":"center center","background-size":"auto","background-attachment":"scroll","background-type":"","background-media":"","overlay-type":"","overlay-color":"","overlay-opacity":"","overlay-gradient":""},"tablet":{"background-color":"","background-image":"","background-repeat":"repeat","background-position":"center center","background-size":"auto","background-attachment":"scroll","background-type":"","background-media":"","overlay-type":"","overlay-color":"","overlay-opacity":"","overlay-gradient":""},"mobile":{"background-color":"","background-image":"","background-repeat":"repeat","background-position":"center center","background-size":"auto","background-attachment":"scroll","background-type":"","background-media":"","overlay-type":"","overlay-color":"","overlay-opacity":"","overlay-gradient":""}},"ast-content-background-meta":{"desktop":{"background-color":"var(--ast-global-color-5)","background-image":"","background-repeat":"repeat","background-position":"center center","background-size":"auto","background-attachment":"scroll","background-type":"","background-media":"","overlay-type":"","overlay-color":"","overlay-opacity":"","overlay-gradient":""},"tablet":{"background-color":"var(--ast-global-color-5)","background-image":"","background-repeat":"repeat","background-position":"center center","background-size":"auto","background-attachment":"scroll","background-type":"","background-media":"","overlay-type":"","overlay-color":"","overlay-opacity":"","overlay-gradient":""},"mobile":{"background-color":"var(--ast-global-color-5)","background-image":"","background-repeat":"repeat","background-position":"center center","background-size":"auto","background-attachment":"scroll","background-type":"","background-media":"","overlay-type":"","overlay-color":"","overlay-opacity":"","overlay-gradient":""}},"_joinchat":[]},"product_brand":[],"product_cat":[23,37],"product_tag":[],"class_list":{"0":"post-7413","1":"product","2":"type-product","3":"status-publish","4":"has-post-thumbnail","6":"product_cat-night","7":"product_cat-xcaret-parks","8":"desktop-align-left","9":"tablet-align-left","10":"mobile-align-left","12":"first","13":"instock","14":"taxable","15":"shipping-taxable","16":"purchasable","17":"product-type-simple"},"_links":{"self":[{"href":"https:\/\/easytravelmexico.com\/es\/wp-json\/wp\/v2\/product\/7413","targetHints":{"allow":["GET"]}}],"collection":[{"href":"https:\/\/easytravelmexico.com\/es\/wp-json\/wp\/v2\/product"}],"about":[{"href":"https:\/\/easytravelmexico.com\/es\/wp-json\/wp\/v2\/types\/product"}],"replies":[{"embeddable":true,"href":"https:\/\/easytravelmexico.com\/es\/wp-json\/wp\/v2\/comments?post=7413"}],"version-history":[{"count":1,"href":"https:\/\/easytravelmexico.com\/es\/wp-json\/wp\/v2\/product\/7413\/revisions"}],"predecessor-version":[{"id":7414,"href":"https:\/\/easytravelmexico.com\/es\/wp-json\/wp\/v2\/product\/7413\/revisions\/7414"}],"wp:featuredmedia":[{"embeddable":true,"href":"https:\/\/easytravelmexico.com\/es\/wp-json\/wp\/v2\/media\/5364"}],"wp:attachment":[{"href":"https:\/\/easytravelmexico.com\/es\/wp-json\/wp\/v2\/media?parent=7413"}],"wp:term":[{"taxonomy":"product_brand","embeddable":true,"href":"https:\/\/easytravelmexico.com\/es\/wp-json\/wp\/v2\/product_brand?post=7413"},{"taxonomy":"product_cat","embeddable":true,"href":"https:\/\/easytravelmexico.com\/es\/wp-json\/wp\/v2\/product_cat?post=7413"},{"taxonomy":"product_tag","embeddable":true,"href":"https:\/\/easytravelmexico.com\/es\/wp-json\/wp\/v2\/product_tag?post=7413"}],"curies":[{"name":"wp","href":"https:\/\/api.w.org\/{rel}","templated":true}]}}