{"id":7141,"date":"2022-05-16T20:22:56","date_gmt":"2022-05-16T20:22:56","guid":{"rendered":"https:\/\/outlet-tours.com\/?post_type=product&#038;p=7141"},"modified":"2025-05-25T23:23:03","modified_gmt":"2025-05-25T23:23:03","slug":"cozumel-submarino-adults","status":"publish","type":"product","link":"https:\/\/easytravelmexico.com\/es\/producto\/cozumel-submarino-adults\/","title":{"rendered":"Cozumel Submarino Adultos"},"content":{"rendered":"<p>Cozumel Submarino<\/p>\n<p>Incluye<br \/>\n+ Transporte ida y vuelta<br \/>\n+ Ferry Ida y Vuelta a Cozumel<br \/>\n+ Transporte en taxi desde el muelle del ferry hasta la Marina<br \/>\n+ Gu\u00eda Tur\u00edstico Biling\u00fce<br \/>\n+ Paseo en submarino 1 hora y 30 min<br \/>\n+ Visita al pueblo de Cozumel 2 horas de tiempo libre<br \/>\nIncluye:<br \/>\n+ Almuerzo para llevar<br \/>\n+ Almuerzo en el Beach Club<br \/>\n+ 1 Bebida (refresco, cerveza o limonada)<\/p>\n<p>No incluido:<br \/>\n+ Bebidas<br \/>\n+ Taxi de regreso al muelle del ferry.<\/p>\n<p>Los ni\u00f1os deben medir al menos 90 cm de altura.<\/p>","protected":false},"excerpt":{"rendered":"<p>Cozumel Submarino<\/p>\n<p>Incluye<br \/>\n+ Transporte ida y vuelta<br \/>\n+ Ferry Ida y Vuelta a Cozumel<br \/>\n+ Transporte en taxi desde el muelle del ferry hasta la Marina<br \/>\n+ Gu\u00eda Tur\u00edstico Biling\u00fce<br \/>\n+ Paseo en submarino 1 hora y 30 min<br \/>\n+ Visita al pueblo de Cozumel 2 horas de tiempo libre<br \/>\nIncluye:<br \/>\n+ Almuerzo para llevar<br \/>\n+ Almuerzo en el Beach Club<br \/>\n+ 1 Bebida (refresco, cerveza o limonada)<\/p>\n<p>No incluido:<br \/>\n+ Bebidas<br \/>\n+ Taxi de regreso al muelle del ferry.<\/p>\n<p>Los ni\u00f1os deben medir al menos 90 cm de altura.<\/p>","protected":false},"featured_media":7852,"comment_status":"open","ping_status":"closed","template":"","meta":{"site-sidebar-layout":"default","site-content-layout":"default","ast-site-content-layout":"default","site-content-style":"default","site-sidebar-style":"default","ast-global-header-display":"","ast-banner-title-visibility":"","ast-main-header-display":"","ast-hfb-above-header-display":"","ast-hfb-below-header-display":"","ast-hfb-mobile-header-display":"","site-post-title":"","ast-breadcrumbs-content":"","ast-featured-img":"","footer-sml-layout":"","ast-disable-related-posts":"","theme-transparent-header-meta":"default","adv-header-id-meta":"","stick-header-meta":"","header-above-stick-meta":"","header-main-stick-meta":"","header-below-stick-meta":"","astra-migrate-meta-layouts":"default","ast-page-background-enabled":"default","ast-page-background-meta":{"desktop":{"background-color":"","background-image":"","background-repeat":"repeat","background-position":"center center","background-size":"auto","background-attachment":"scroll","background-type":"","background-media":"","overlay-type":"","overlay-color":"","overlay-opacity":"","overlay-gradient":""},"tablet":{"background-color":"","background-image":"","background-repeat":"repeat","background-position":"center center","background-size":"auto","background-attachment":"scroll","background-type":"","background-media":"","overlay-type":"","overlay-color":"","overlay-opacity":"","overlay-gradient":""},"mobile":{"background-color":"","background-image":"","background-repeat":"repeat","background-position":"center center","background-size":"auto","background-attachment":"scroll","background-type":"","background-media":"","overlay-type":"","overlay-color":"","overlay-opacity":"","overlay-gradient":""}},"ast-content-background-meta":{"desktop":{"background-color":"var(--ast-global-color-5)","background-image":"","background-repeat":"repeat","background-position":"center center","background-size":"auto","background-attachment":"scroll","background-type":"","background-media":"","overlay-type":"","overlay-color":"","overlay-opacity":"","overlay-gradient":""},"tablet":{"background-color":"var(--ast-global-color-5)","background-image":"","background-repeat":"repeat","background-position":"center center","background-size":"auto","background-attachment":"scroll","background-type":"","background-media":"","overlay-type":"","overlay-color":"","overlay-opacity":"","overlay-gradient":""},"mobile":{"background-color":"var(--ast-global-color-5)","background-image":"","background-repeat":"repeat","background-position":"center center","background-size":"auto","background-attachment":"scroll","background-type":"","background-media":"","overlay-type":"","overlay-color":"","overlay-opacity":"","overlay-gradient":""}},"_joinchat":[]},"product_brand":[],"product_cat":[42,34,41,32,24],"product_tag":[],"class_list":{"0":"post-7141","1":"product","2":"type-product","3":"status-publish","4":"has-post-thumbnail","6":"product_cat-czm","7":"product_cat-family","8":"product_cat-pdc","9":"product_cat-sightseeing","10":"product_cat-tours","11":"desktop-align-left","12":"tablet-align-left","13":"mobile-align-left","15":"first","16":"instock","17":"sale","18":"taxable","19":"shipping-taxable","20":"purchasable","21":"product-type-simple"},"_links":{"self":[{"href":"https:\/\/easytravelmexico.com\/es\/wp-json\/wp\/v2\/product\/7141","targetHints":{"allow":["GET"]}}],"collection":[{"href":"https:\/\/easytravelmexico.com\/es\/wp-json\/wp\/v2\/product"}],"about":[{"href":"https:\/\/easytravelmexico.com\/es\/wp-json\/wp\/v2\/types\/product"}],"replies":[{"embeddable":true,"href":"https:\/\/easytravelmexico.com\/es\/wp-json\/wp\/v2\/comments?post=7141"}],"version-history":[{"count":1,"href":"https:\/\/easytravelmexico.com\/es\/wp-json\/wp\/v2\/product\/7141\/revisions"}],"predecessor-version":[{"id":7142,"href":"https:\/\/easytravelmexico.com\/es\/wp-json\/wp\/v2\/product\/7141\/revisions\/7142"}],"wp:featuredmedia":[{"embeddable":true,"href":"https:\/\/easytravelmexico.com\/es\/wp-json\/wp\/v2\/media\/7852"}],"wp:attachment":[{"href":"https:\/\/easytravelmexico.com\/es\/wp-json\/wp\/v2\/media?parent=7141"}],"wp:term":[{"taxonomy":"product_brand","embeddable":true,"href":"https:\/\/easytravelmexico.com\/es\/wp-json\/wp\/v2\/product_brand?post=7141"},{"taxonomy":"product_cat","embeddable":true,"href":"https:\/\/easytravelmexico.com\/es\/wp-json\/wp\/v2\/product_cat?post=7141"},{"taxonomy":"product_tag","embeddable":true,"href":"https:\/\/easytravelmexico.com\/es\/wp-json\/wp\/v2\/product_tag?post=7141"}],"curies":[{"name":"wp","href":"https:\/\/api.w.org\/{rel}","templated":true}]}}