{"id":4333,"date":"2022-03-30T00:49:05","date_gmt":"2022-03-30T00:49:05","guid":{"rendered":"https:\/\/outlet-tours.com\/?post_type=product&#038;p=4333"},"modified":"2022-06-17T18:49:22","modified_gmt":"2022-06-17T18:49:22","slug":"isla-mujeres-catamaran-albatros-tour","status":"publish","type":"product","link":"https:\/\/easytravelmexico.com\/es\/producto\/isla-mujeres-catamaran-albatros-tour\/","title":{"rendered":"Tour de Navegaci\u00f3n en Catamar\u00e1n Plus en Isla Mujeres"},"content":{"rendered":"<p>Disfruta de un d\u00eda espectacular en el Mar Caribe navegando desde Canc\u00fan a Isla Mujeres a bordo de un incre\u00edble catamar\u00e1n con barra libre y mucha diversi\u00f3n.<br \/>\nSube a bordo de un divertido velero y disfruta de una de las mejores playas de la isla, explora los impresionantes sitios de Isla Mujeres y uno de los arrecifes m\u00e1s maravillosos del Caribe. Acomp\u00e1\u00f1anos en un d\u00eda lleno de aventuras en el mar m\u00e1s hermoso del mundo.<br \/>\n<strong><span style=\"vertical-align: inherit;\"><span style=\"vertical-align: inherit;\"><span style=\"vertical-align: inherit;\"><span style=\"vertical-align: inherit;\"><span style=\"vertical-align: inherit;\"><span style=\"vertical-align: inherit;\">\u00a0 \u00a0 \u00a0DESTACAR<\/span><\/span><\/span><\/span><\/span><\/span><\/strong><br \/>\n\u2013 Snorkel en el arrecife de coral (Nuevo tubo de Snorkel por persona)<br \/>\n\u2013 Visita al centro de Isla Mujeres (Tour de Compras)<br \/>\n\u2013 Deliciosa comida buffet<br \/>\n\u2013 Vuelo en Spinnaker (Dependiendo de las condiciones meteorol\u00f3gicas).<br \/>\n\u2013 Barra libre a bordo<br \/>\n<strong><span style=\"vertical-align: inherit;\"><span style=\"vertical-align: inherit;\"><span style=\"vertical-align: inherit;\"><span style=\"vertical-align: inherit;\"><span style=\"vertical-align: inherit;\"><span style=\"vertical-align: inherit;\">\u00a0 \u00a0 \u00a0 \u00a0 \u00a0 \u00a0 \u00a0 \u00a0 \u00a0 \u00a0<\/span><\/span><\/span><\/span><\/span><\/span><\/strong><span style=\"vertical-align: inherit;\"><span style=\"vertical-align: inherit;\"><span style=\"vertical-align: inherit;\"><span style=\"vertical-align: inherit;\"><span style=\"vertical-align: inherit;\"><span style=\"vertical-align: inherit;\"><strong>INCLUYE:<\/strong><br \/>\n\u2013 Snorkel en la barrera coralina (Nuevo Snorkel Tube por persona) <\/span><\/span><\/span><\/span><\/span><\/span><br \/>\n<span style=\"vertical-align: inherit;\"><span style=\"vertical-align: inherit;\"><span style=\"vertical-align: inherit;\"><span style=\"vertical-align: inherit;\"><span style=\"vertical-align: inherit;\"><span style=\"vertical-align: inherit;\">\u2013 Visita al centro de Isla Mujeres (Tour de Compras) <\/span><\/span><\/span><\/span><\/span><\/span><br \/>\n<span style=\"vertical-align: inherit;\"><span style=\"vertical-align: inherit;\"><span style=\"vertical-align: inherit;\"><span style=\"vertical-align: inherit;\"><span style=\"vertical-align: inherit;\"><span style=\"vertical-align: inherit;\">\u2013 Deliciosa comida buffet <\/span><\/span><\/span><\/span><\/span><\/span><br \/>\n<span style=\"vertical-align: inherit;\"><span style=\"vertical-align: inherit;\"><span style=\"vertical-align: inherit;\"><span style=\"vertical-align: inherit;\"><span style=\"vertical-align: inherit;\"><span style=\"vertical-align: inherit;\">\u2013 Vuelo en Spinnaker (Seg\u00fan condiciones clim\u00e1ticas). <\/span><\/span><\/span><\/span><\/span><\/span><br \/>\n<span style=\"vertical-align: inherit;\"><span style=\"vertical-align: inherit;\"><span style=\"vertical-align: inherit;\"><span style=\"vertical-align: inherit;\"><span style=\"vertical-align: inherit;\"><span style=\"vertical-align: inherit;\">\u2013 Opem Bar con: Tequila, Ron, Vodka, Cerveza, Refrescos, Jugos y Agua en b<\/span><\/span><\/span><\/span><\/span><\/span><span style=\"vertical-align: inherit;\"><span style=\"vertical-align: inherit;\"><span style=\"vertical-align: inherit;\"><span style=\"vertical-align: inherit;\"><span style=\"vertical-align: inherit;\"><span style=\"vertical-align: inherit;\">tablero. <\/span><\/span><\/span><\/span><\/span><\/span><\/p>\n<p><strong><span style=\"vertical-align: inherit;\"><span style=\"vertical-align: inherit;\"><span style=\"vertical-align: inherit;\"><span style=\"vertical-align: inherit;\"><span style=\"vertical-align: inherit;\"><span style=\"vertical-align: inherit;\">\u00a0 \u00a0 \u00a0 \u00a0 \u00a0 \u00a0 No incluido<\/span><\/span><\/span><\/span><\/span><\/span><\/strong><br \/>\n\u2013 Tarifa de muelle. $15.00 USD p\/p (a pagar en efectivo en el muelle).<\/p>\n<p><strong>\u00a0 \u00a0 Que traer:<\/strong><br \/>\n- Toalla<br \/>\n\u2013 C\u00e1mara fotogr\u00e1fica<br \/>\n\u2013 Protector solar<br \/>\n\u2013 Gafas de sol<br \/>\n\u2013 Gorra o sombrero<br \/>\n\u2013 Dinero extra para impuesto de muelle y bebidas adicionales.<br \/>\n<strong><span style=\"vertical-align: inherit;\"><span style=\"vertical-align: inherit;\"><span style=\"vertical-align: inherit;\"><span style=\"vertical-align: inherit;\"><span style=\"vertical-align: inherit;\"><span style=\"vertical-align: inherit;\"> Informaci\u00f3n importante<br \/>\n<\/span><\/span><\/span><\/span><\/span><\/span><\/strong><span style=\"vertical-align: inherit;\"><span style=\"vertical-align: inherit;\"><span style=\"vertical-align: inherit;\"><span style=\"vertical-align: inherit;\"><span style=\"vertical-align: inherit;\"><span style=\"vertical-align: inherit;\">\u2013 Snorkel y Spinnaker dependiendo de las condiciones clim\u00e1ticas.<\/span><\/span><\/span><\/span><\/span><\/span><span style=\"vertical-align: inherit;\"><span style=\"vertical-align: inherit;\"><span style=\"vertical-align: inherit;\"><span style=\"vertical-align: inherit;\"><span style=\"vertical-align: inherit;\"><span style=\"vertical-align: inherit;\"><br \/>\n\u2013 Ni\u00f1os menores de 4 a\u00f1os gratis<br \/>\n\u2013 Los ni\u00f1os de 5 a 11 a\u00f1os pagan tarifa m\u00e1s baja<br \/>\nEste tour no incluye transporte del hotel al muelle; es necesario llegar a la zona hotelera de la Marina. Le enviaremos la ubicaci\u00f3n exacta.<\/span><\/span><\/span><\/span><\/span><\/span><\/p>","protected":false},"excerpt":{"rendered":"<p>Disfruta de un d\u00eda espectacular en el Mar Caribe navegando desde Canc\u00fan a Isla Mujeres a bordo de un incre\u00edble catamar\u00e1n con barra libre y mucha diversi\u00f3n.<br \/>\nSube a bordo de un divertido velero y disfruta de una de las mejores playas de la isla, explora los impresionantes sitios de Isla Mujeres y uno de los arrecifes m\u00e1s maravillosos del Caribe. Acomp\u00e1\u00f1anos en un d\u00eda lleno de aventuras en el mar m\u00e1s hermoso del mundo.<\/p>\n<p><strong><span style=\"vertical-align: inherit;\"> \u00a0DESTACAR<\/span><\/strong><br \/>\n\u2013 Snorkel en el arrecife de coral (Nuevo tubo de Snorkel por persona)<br \/>\n\u2013 Visita al centro de Isla Mujeres (Tour de Compras)<br \/>\n\u2013 Deliciosa comida buffet<br \/>\n\u2013 Vuelo en Spinnaker (Dependiendo de las condiciones meteorol\u00f3gicas).<br \/>\n\u2013 Barra libre a bordo<\/p>\n<p><strong><span style=\"vertical-align: inherit;\"><span style=\"vertical-align: inherit;\"><span style=\"vertical-align: inherit;\"><span style=\"vertical-align: inherit;\"><span style=\"vertical-align: inherit;\"><span style=\"vertical-align: inherit;\">Tarifa Ni\u00f1os<\/span><\/span><\/span><\/span><\/span><\/span><\/strong><span style=\"vertical-align: inherit;\"><span style=\"vertical-align: inherit;\"><span style=\"vertical-align: inherit;\"><span style=\"vertical-align: inherit;\"><span style=\"vertical-align: inherit;\"><span style=\"vertical-align: inherit;\"> : es para ni\u00f1os de 5 a 11 a\u00f1os\u00a0<\/span><\/span><\/span><\/span><\/span><\/span><\/p>","protected":false},"featured_media":2964,"comment_status":"open","ping_status":"closed","template":"","meta":{"site-sidebar-layout":"default","site-content-layout":"default","ast-site-content-layout":"default","site-content-style":"default","site-sidebar-style":"default","ast-global-header-display":"","ast-banner-title-visibility":"","ast-main-header-display":"","ast-hfb-above-header-display":"","ast-hfb-below-header-display":"","ast-hfb-mobile-header-display":"","site-post-title":"","ast-breadcrumbs-content":"","ast-featured-img":"","footer-sml-layout":"","ast-disable-related-posts":"","theme-transparent-header-meta":"default","adv-header-id-meta":"","stick-header-meta":"default","header-above-stick-meta":"","header-main-stick-meta":"","header-below-stick-meta":"","astra-migrate-meta-layouts":"default","ast-page-background-enabled":"default","ast-page-background-meta":{"desktop":{"background-color":"","background-image":"","background-repeat":"repeat","background-position":"center center","background-size":"auto","background-attachment":"scroll","background-type":"","background-media":"","overlay-type":"","overlay-color":"","overlay-opacity":"","overlay-gradient":""},"tablet":{"background-color":"","background-image":"","background-repeat":"repeat","background-position":"center center","background-size":"auto","background-attachment":"scroll","background-type":"","background-media":"","overlay-type":"","overlay-color":"","overlay-opacity":"","overlay-gradient":""},"mobile":{"background-color":"","background-image":"","background-repeat":"repeat","background-position":"center center","background-size":"auto","background-attachment":"scroll","background-type":"","background-media":"","overlay-type":"","overlay-color":"","overlay-opacity":"","overlay-gradient":""}},"ast-content-background-meta":{"desktop":{"background-color":"var(--ast-global-color-5)","background-image":"","background-repeat":"repeat","background-position":"center center","background-size":"auto","background-attachment":"scroll","background-type":"","background-media":"","overlay-type":"","overlay-color":"","overlay-opacity":"","overlay-gradient":""},"tablet":{"background-color":"var(--ast-global-color-5)","background-image":"","background-repeat":"repeat","background-position":"center center","background-size":"auto","background-attachment":"scroll","background-type":"","background-media":"","overlay-type":"","overlay-color":"","overlay-opacity":"","overlay-gradient":""},"mobile":{"background-color":"var(--ast-global-color-5)","background-image":"","background-repeat":"repeat","background-position":"center center","background-size":"auto","background-attachment":"scroll","background-type":"","background-media":"","overlay-type":"","overlay-color":"","overlay-opacity":"","overlay-gradient":""}},"_joinchat":[]},"product_brand":[],"product_cat":[38,39,45,34,41,40,24],"product_tag":[],"class_list":{"0":"post-4333","1":"product","2":"type-product","3":"status-publish","4":"has-post-thumbnail","6":"product_cat-aqs","7":"product_cat-cun","8":"product_cat-ecoturism-cenotes","9":"product_cat-family","10":"product_cat-pdc","11":"product_cat-rm","12":"product_cat-tours","13":"desktop-align-left","14":"tablet-align-left","15":"mobile-align-left","17":"first","18":"instock","19":"taxable","20":"shipping-taxable","21":"product-type-grouped"},"_links":{"self":[{"href":"https:\/\/easytravelmexico.com\/es\/wp-json\/wp\/v2\/product\/4333","targetHints":{"allow":["GET"]}}],"collection":[{"href":"https:\/\/easytravelmexico.com\/es\/wp-json\/wp\/v2\/product"}],"about":[{"href":"https:\/\/easytravelmexico.com\/es\/wp-json\/wp\/v2\/types\/product"}],"replies":[{"embeddable":true,"href":"https:\/\/easytravelmexico.com\/es\/wp-json\/wp\/v2\/comments?post=4333"}],"version-history":[{"count":12,"href":"https:\/\/easytravelmexico.com\/es\/wp-json\/wp\/v2\/product\/4333\/revisions"}],"predecessor-version":[{"id":7838,"href":"https:\/\/easytravelmexico.com\/es\/wp-json\/wp\/v2\/product\/4333\/revisions\/7838"}],"wp:featuredmedia":[{"embeddable":true,"href":"https:\/\/easytravelmexico.com\/es\/wp-json\/wp\/v2\/media\/2964"}],"wp:attachment":[{"href":"https:\/\/easytravelmexico.com\/es\/wp-json\/wp\/v2\/media?parent=4333"}],"wp:term":[{"taxonomy":"product_brand","embeddable":true,"href":"https:\/\/easytravelmexico.com\/es\/wp-json\/wp\/v2\/product_brand?post=4333"},{"taxonomy":"product_cat","embeddable":true,"href":"https:\/\/easytravelmexico.com\/es\/wp-json\/wp\/v2\/product_cat?post=4333"},{"taxonomy":"product_tag","embeddable":true,"href":"https:\/\/easytravelmexico.com\/es\/wp-json\/wp\/v2\/product_tag?post=4333"}],"curies":[{"name":"wp","href":"https:\/\/api.w.org\/{rel}","templated":true}]}}