{"id":4210,"date":"2022-03-29T16:45:15","date_gmt":"2022-03-29T16:45:15","guid":{"rendered":"https:\/\/outlet-tours.com\/?post_type=product&#038;p=4210"},"modified":"2022-07-04T23:09:38","modified_gmt":"2022-07-04T23:09:38","slug":"capitan-hook-tour-dinner-open-bar-show","status":"publish","type":"product","link":"https:\/\/easytravelmexico.com\/es\/producto\/capitan-hook-tour-dinner-open-bar-show\/","title":{"rendered":"Tour Cena Capit\u00e1n Hook \u2013 Barra Libre y Espect\u00e1culo"},"content":{"rendered":"<p><span style=\"font-weight: 400\">Convi\u00e9rtete en el mas aut\u00e9ntico pirata por una noche, disfruta la cena y espect\u00e1culo a bordo de Los Galeones de Capit\u00e1n Hook.<\/span><\/p>\n<p><strong>Sarpamos todos los d\u00edas a las 7:00 pm. BARRA LIBRE NACIONAL DURANTE EL RECORRIDO\ny la OPCI\u00d3N DE CENA SELECCIONADA en\nBUFFET\nM\u00daSICA, JUEGOS Y CONCURSO.<\/strong><\/p>\n<p><span style=\"font-weight: 400\">Barra libre nacional durante el recorrido<br \/>\n<\/span><span style=\"font-weight: 400\">Su opci\u00f3n de cena seleccionada<br \/>\n<\/span><span style=\"font-weight: 400\">Buffet de acompa\u00f1amientos para tu cena<br \/>\n<\/span><span style=\"font-weight: 400\">M\u00fasica, juegos y concurso.<\/span><\/p>\n<p>&nbsp;<\/p>\n<p><span style=\"font-weight: 400\"><strong>recomendaciones del capit\u00e1n,<\/strong><br \/>\n<\/span><span style=\"font-weight: 400\">Recuerda que debes llegar 45 minutos antes de la hora de salida (19:00)<br \/>\n<\/span><span style=\"font-weight: 400\">No olvides traer tu identificaci\u00f3n oficial para confirmar tu identidad o para realizar cualquier pago con tarjeta.<br \/>\n<\/span><span style=\"font-weight: 400\">Recuerde, el pago del Recargo ($15USD por cada boleto de adulto y $8USD por cada boleto de ni\u00f1o de 2 a 12 a\u00f1os para el 1er y 2do ni\u00f1o. A partir del 3er ni\u00f1o el costo es de $10USD por ni\u00f1o) NO est\u00e1 incluido en el precio de la cena y debe ser pagado a la llegada antes de abordar el barco.<\/span><\/p>\n<p><span style=\"font-weight: 400\">ES IMPORTANTE UTILIZAR ROPA comoda Y CALZADO ADECUADO PARA NUESTRO RECORRIDO FAMILIAR<\/span><\/p>","protected":false},"excerpt":{"rendered":"<p><span style=\"font-weight: 400\">Convi\u00e9rtete en el mas aut\u00e9ntico pirata por una noche, disfruta la cena y espect\u00e1culo a bordo de Los Galeones de Capit\u00e1n Hook.<\/span><\/p>\n<p><strong>Sarpamos todos los d\u00edas a las 7:00 pm. BARRA LIBRE NACIONAL DURANTE EL RECORRIDO\ny la OPCI\u00d3N DE CENA SELECCIONADA en\nBUFFET\nM\u00daSICA, JUEGOS Y CONCURSO.<\/strong><\/p>\n<p><span style=\"font-weight: 400\">Barra libre nacional durante el recorrido<br \/>\n<\/span><span style=\"font-weight: 400\">Su opci\u00f3n de cena seleccionada<br \/>\n<\/span><span style=\"font-weight: 400\">Buffet de acompa\u00f1amientos para tu cena<br \/>\n<\/span><span style=\"font-weight: 400\">M\u00fasica, juegos y concurso.<\/span><\/p>\n<p>&nbsp;<\/p>\n<p><span style=\"font-weight: 400\"><strong>recomendaciones del capit\u00e1n,<\/strong><br \/>\n<\/span><span style=\"font-weight: 400\">Recuerda que debes llegar 45 minutos antes de la hora de salida (19:00)<br \/>\n<\/span><span style=\"font-weight: 400\">No olvides traer tu identificaci\u00f3n oficial para confirmar tu identidad o para realizar cualquier pago con tarjeta.<br \/>\n<\/span><span style=\"font-weight: 400\">Recuerda, el pago del Recargo ($15USD por cada entrada de adulto y $5USD por cada entrada de ni\u00f1o de 2 a 12 a\u00f1os para el 1.er y 2.\u00ba ni\u00f1o. A partir del 3.er ni\u00f1o el coste es de $10USD por ni\u00f1o) NO est\u00e1 incluido en el precio de la cena y debe ser pagado a la llegada antes de abordar el barco.<\/span><\/p>\n<p><span style=\"font-weight: 400\">ES IMPORTANTE UTILIZAR ROPA comoda Y CALZADO ADECUADO PARA NUESTRO RECORRIDO FAMILIAR<\/span><\/p>","protected":false},"featured_media":4865,"comment_status":"open","ping_status":"closed","template":"","meta":{"site-sidebar-layout":"default","site-content-layout":"default","ast-site-content-layout":"default","site-content-style":"default","site-sidebar-style":"default","ast-global-header-display":"","ast-banner-title-visibility":"","ast-main-header-display":"","ast-hfb-above-header-display":"","ast-hfb-below-header-display":"","ast-hfb-mobile-header-display":"","site-post-title":"","ast-breadcrumbs-content":"","ast-featured-img":"","footer-sml-layout":"","ast-disable-related-posts":"","theme-transparent-header-meta":"default","adv-header-id-meta":"","stick-header-meta":"default","header-above-stick-meta":"","header-main-stick-meta":"","header-below-stick-meta":"","astra-migrate-meta-layouts":"default","ast-page-background-enabled":"default","ast-page-background-meta":{"desktop":{"background-color":"","background-image":"","background-repeat":"repeat","background-position":"center center","background-size":"auto","background-attachment":"scroll","background-type":"","background-media":"","overlay-type":"","overlay-color":"","overlay-opacity":"","overlay-gradient":""},"tablet":{"background-color":"","background-image":"","background-repeat":"repeat","background-position":"center center","background-size":"auto","background-attachment":"scroll","background-type":"","background-media":"","overlay-type":"","overlay-color":"","overlay-opacity":"","overlay-gradient":""},"mobile":{"background-color":"","background-image":"","background-repeat":"repeat","background-position":"center center","background-size":"auto","background-attachment":"scroll","background-type":"","background-media":"","overlay-type":"","overlay-color":"","overlay-opacity":"","overlay-gradient":""}},"ast-content-background-meta":{"desktop":{"background-color":"var(--ast-global-color-5)","background-image":"","background-repeat":"repeat","background-position":"center center","background-size":"auto","background-attachment":"scroll","background-type":"","background-media":"","overlay-type":"","overlay-color":"","overlay-opacity":"","overlay-gradient":""},"tablet":{"background-color":"var(--ast-global-color-5)","background-image":"","background-repeat":"repeat","background-position":"center center","background-size":"auto","background-attachment":"scroll","background-type":"","background-media":"","overlay-type":"","overlay-color":"","overlay-opacity":"","overlay-gradient":""},"mobile":{"background-color":"var(--ast-global-color-5)","background-image":"","background-repeat":"repeat","background-position":"center center","background-size":"auto","background-attachment":"scroll","background-type":"","background-media":"","overlay-type":"","overlay-color":"","overlay-opacity":"","overlay-gradient":""}},"_joinchat":[]},"product_brand":[],"product_cat":[39,34,23,41],"product_tag":[],"class_list":{"0":"post-4210","1":"product","2":"type-product","3":"status-publish","4":"has-post-thumbnail","6":"product_cat-cun","7":"product_cat-family","8":"product_cat-night","9":"product_cat-pdc","10":"desktop-align-left","11":"tablet-align-left","12":"mobile-align-left","14":"first","15":"instock","16":"featured","17":"taxable","18":"shipping-taxable","19":"product-type-grouped"},"_links":{"self":[{"href":"https:\/\/easytravelmexico.com\/es\/wp-json\/wp\/v2\/product\/4210","targetHints":{"allow":["GET"]}}],"collection":[{"href":"https:\/\/easytravelmexico.com\/es\/wp-json\/wp\/v2\/product"}],"about":[{"href":"https:\/\/easytravelmexico.com\/es\/wp-json\/wp\/v2\/types\/product"}],"replies":[{"embeddable":true,"href":"https:\/\/easytravelmexico.com\/es\/wp-json\/wp\/v2\/comments?post=4210"}],"version-history":[{"count":9,"href":"https:\/\/easytravelmexico.com\/es\/wp-json\/wp\/v2\/product\/4210\/revisions"}],"predecessor-version":[{"id":8013,"href":"https:\/\/easytravelmexico.com\/es\/wp-json\/wp\/v2\/product\/4210\/revisions\/8013"}],"wp:featuredmedia":[{"embeddable":true,"href":"https:\/\/easytravelmexico.com\/es\/wp-json\/wp\/v2\/media\/4865"}],"wp:attachment":[{"href":"https:\/\/easytravelmexico.com\/es\/wp-json\/wp\/v2\/media?parent=4210"}],"wp:term":[{"taxonomy":"product_brand","embeddable":true,"href":"https:\/\/easytravelmexico.com\/es\/wp-json\/wp\/v2\/product_brand?post=4210"},{"taxonomy":"product_cat","embeddable":true,"href":"https:\/\/easytravelmexico.com\/es\/wp-json\/wp\/v2\/product_cat?post=4210"},{"taxonomy":"product_tag","embeddable":true,"href":"https:\/\/easytravelmexico.com\/es\/wp-json\/wp\/v2\/product_tag?post=4210"}],"curies":[{"name":"wp","href":"https:\/\/api.w.org\/{rel}","templated":true}]}}