{"id":4199,"date":"2022-03-18T03:53:38","date_gmt":"2022-03-18T03:53:38","guid":{"rendered":"https:\/\/outlet-tours.com\/?post_type=product&#038;p=4199"},"modified":"2022-06-14T22:18:59","modified_gmt":"2022-06-14T22:18:59","slug":"isla-mujeres-catamaran-cancun-s-adult","status":"publish","type":"product","link":"https:\/\/easytravelmexico.com\/es\/producto\/isla-mujeres-catamaran-cancun-s-adult\/","title":{"rendered":"Isla Mujeres Catamar\u00e1n Canc\u00fan Vela Adulto"},"content":{"rendered":"<p><span style=\"vertical-align: inherit\"><span style=\"vertical-align: inherit\">Disfruta de un d\u00eda espectacular en el Mar Caribe navegando desde Canc\u00fan a Isla Mujeres a bordo de un incre\u00edble catamar\u00e1n con barra libre y mucha diversi\u00f3n. <\/span><\/span><br \/>\n<span style=\"vertical-align: inherit\"><span style=\"vertical-align: inherit\">Suba a bordo de un velero lleno de diversi\u00f3n y disfrute de una de las mejores playas de la isla, explore los impresionantes sitios de Isla Mujeres y uno de los arrecifes m\u00e1s maravillosos del Caribe. <\/span><span style=\"vertical-align: inherit\">\u00danase a nosotros en un d\u00eda lleno de aventura en el mar m\u00e1s hermoso del mundo. <\/span><\/span><br \/>\n<strong><span style=\"vertical-align: inherit\"><span style=\"vertical-align: inherit\">\u00a0 \u00a0 \u00a0Principales atractivos<\/span><\/span><\/strong><br \/>\n<span style=\"vertical-align: inherit\"><span style=\"vertical-align: inherit\"> \u2013 Snorkel en la barrera coralina (Nuevo Snorkel Tube por persona) <\/span><\/span><br \/>\n<span style=\"vertical-align: inherit\"><span style=\"vertical-align: inherit\">\u2013 Visita al centro de Isla Mujeres (Tour de Compras) <\/span><\/span><br \/>\n<span style=\"vertical-align: inherit\"><span style=\"vertical-align: inherit\">\u2013 Deliciosa comida buffet <\/span><\/span><br \/>\n<span style=\"vertical-align: inherit\"><span style=\"vertical-align: inherit\">\u2013 Vuelo en Spinnaker (Seg\u00fan condiciones clim\u00e1ticas). <\/span><\/span><br \/>\n<span style=\"vertical-align: inherit\"><span style=\"vertical-align: inherit\">\u2013 Barra libre <\/span><\/span><br \/>\n<strong><span style=\"vertical-align: inherit\"><span style=\"vertical-align: inherit\">Qu\u00e9 incluye<\/span><\/span><\/strong><br \/>\n<span style=\"vertical-align: inherit\"><span style=\"vertical-align: inherit\"> \u2013 Snorkel en la barrera coralina (Nuevo Snorkel Tube por persona)<\/span><\/span><br \/>\n<span style=\"vertical-align: inherit\"><span style=\"vertical-align: inherit\">\u2013 Visita al centro de Isla Mujeres (Tour de Compras) <\/span><\/span><br \/>\n<span style=\"vertical-align: inherit\"><span style=\"vertical-align: inherit\">\u2013 Deliciosa comida buffet <\/span><\/span><br \/>\n<span style=\"vertical-align: inherit\"><span style=\"vertical-align: inherit\">\u2013 Vuelo en Spinnaker (Seg\u00fan condiciones clim\u00e1ticas). <\/span><\/span><br \/>\n<span style=\"vertical-align: inherit\"><span style=\"vertical-align: inherit\">\u2013 La barra libre consta de: Tequila, Ron, Vodka, Cerveza, Refrescos, Jugos y Agua. <\/span><\/span><br \/>\n<span style=\"vertical-align: inherit\"><span style=\"vertical-align: inherit\">\u2013 GET UP&amp;GO TOUR: Barra libre nacional solo a bordo. <\/span><\/span><br \/>\n<span style=\"vertical-align: inherit\"><span style=\"vertical-align: inherit\">\u2013 TOUR PLATINO Y PLUS: Barra Libre Nacional TODO EL D\u00cdA, a bordo y en la playa <\/span><\/span><a class=\"submitduplicate duplication\" href=\"https:\/\/easytravelmexico.com\/wp-admin\/edit.php?post_type=product&amp;action=duplicate_product&amp;post=4199&amp;_wpnonce=4fae8cb942\"><span style=\"vertical-align: inherit\"><span style=\"vertical-align: inherit\">Copiar a un nuevo borrador<\/span><\/span><\/a><\/p>\n<p><strong><span style=\"vertical-align: inherit\"><span style=\"vertical-align: inherit\">No incluido<\/span><\/span><\/strong><br \/>\n<span style=\"vertical-align: inherit\"><span style=\"vertical-align: inherit\"> \u2013 Impuesto de muelle y arrecife. <\/span><span style=\"vertical-align: inherit\">$15.00 usd p\/p (Pago en efectivo en taquilla).<\/span><\/span><\/p>\n<p><strong><span style=\"vertical-align: inherit\"><span style=\"vertical-align: inherit\">\u00a0 \u00a0 Qu\u00e9 llevar:<\/span><\/span><\/strong><br \/>\n<span style=\"vertical-align: inherit\"><span style=\"vertical-align: inherit\"> \u2013 Toalla <\/span><\/span><br \/>\n<span style=\"vertical-align: inherit\"><span style=\"vertical-align: inherit\">\u2013 C\u00e1mara fotogr\u00e1fica <\/span><\/span><br \/>\n<span style=\"vertical-align: inherit\"><span style=\"vertical-align: inherit\">\u2013 Bloqueador solar <\/span><\/span><br \/>\n<span style=\"vertical-align: inherit\"><span style=\"vertical-align: inherit\">\u2013 Lentes de sol <\/span><\/span><br \/>\n<span style=\"vertical-align: inherit\"><span style=\"vertical-align: inherit\">\u2013 Gorra o sombrero <\/span><\/span><br \/>\n<span style=\"vertical-align: inherit\"><span style=\"vertical-align: inherit\">\u2013 Efectivo extra para impuesto de muelle y bebidas adicionales. <\/span><\/span><br \/>\n<strong><span style=\"vertical-align: inherit\"><span style=\"vertical-align: inherit\">\u00a0 \u00a0 \u00a0 \u00a0Informaci\u00f3n importante<\/span><\/span><\/strong><br \/>\n<span style=\"vertical-align: inherit\"><span style=\"vertical-align: inherit\"> \u2013 Snorkeling y Spinnaker dependiendo de las condiciones clim\u00e1ticas. <\/span><\/span><br \/>\n<span style=\"vertical-align: inherit\"><span style=\"vertical-align: inherit\">\u2013 Ni\u00f1os menores de 4 a\u00f1os sin costo <\/span><\/span><br \/>\n<span style=\"vertical-align: inherit\"><span style=\"vertical-align: inherit\">\u2013 Ni\u00f1os de 5 a 11 a\u00f1os pagan tarifa menor <\/span><\/span><br \/>\n<span style=\"vertical-align: inherit\"><span style=\"vertical-align: inherit\">\u2013 Este tour no ofrece transporte del hotel al muelle, es necesario llegar a la marina del Hotel Temptation ubicado en el km 3.5 de Blvd. <\/span><span style=\"vertical-align: inherit\">Kukulc\u00e1n en la zona hotelera de Canc\u00fan. <\/span><span style=\"vertical-align: inherit\">Es muy f\u00e1cil llegar en taxi o en cualquier autob\u00fas p\u00fablico.<\/span><\/span><\/p>","protected":false},"excerpt":{"rendered":"<p><span style=\"vertical-align: inherit\"><span style=\"vertical-align: inherit\">Disfruta de un d\u00eda espectacular en el Mar Caribe navegando desde Canc\u00fan a Isla Mujeres a bordo de un incre\u00edble catamar\u00e1n con barra libre y mucha diversi\u00f3n. <\/span><\/span><br \/>\n<span style=\"vertical-align: inherit\"><span style=\"vertical-align: inherit\">Suba a bordo de un velero lleno de diversi\u00f3n y disfrute de una de las mejores playas de la isla, explore los impresionantes sitios de Isla Mujeres y uno de los arrecifes m\u00e1s maravillosos del Caribe. <\/span><span style=\"vertical-align: inherit\">\u00danase a nosotros en un d\u00eda lleno de aventura en el mar m\u00e1s hermoso del mundo.<\/span><\/span><\/p>\n<p><strong><span style=\"vertical-align: inherit\"><span style=\"vertical-align: inherit\">Tarifa Ni\u00f1os<\/span><\/span><\/strong><span style=\"vertical-align: inherit\"><span style=\"vertical-align: inherit\"> : De 5 a 11 a\u00f1os pagano como menor.<\/span><\/span><\/p>","protected":false},"featured_media":4718,"comment_status":"open","ping_status":"closed","template":"","meta":{"site-sidebar-layout":"default","site-content-layout":"default","ast-site-content-layout":"default","site-content-style":"default","site-sidebar-style":"default","ast-global-header-display":"","ast-banner-title-visibility":"","ast-main-header-display":"","ast-hfb-above-header-display":"","ast-hfb-below-header-display":"","ast-hfb-mobile-header-display":"","site-post-title":"","ast-breadcrumbs-content":"","ast-featured-img":"","footer-sml-layout":"","ast-disable-related-posts":"","theme-transparent-header-meta":"default","adv-header-id-meta":"","stick-header-meta":"default","header-above-stick-meta":"","header-main-stick-meta":"","header-below-stick-meta":"","astra-migrate-meta-layouts":"default","ast-page-background-enabled":"default","ast-page-background-meta":{"desktop":{"background-color":"","background-image":"","background-repeat":"repeat","background-position":"center center","background-size":"auto","background-attachment":"scroll","background-type":"","background-media":"","overlay-type":"","overlay-color":"","overlay-opacity":"","overlay-gradient":""},"tablet":{"background-color":"","background-image":"","background-repeat":"repeat","background-position":"center center","background-size":"auto","background-attachment":"scroll","background-type":"","background-media":"","overlay-type":"","overlay-color":"","overlay-opacity":"","overlay-gradient":""},"mobile":{"background-color":"","background-image":"","background-repeat":"repeat","background-position":"center center","background-size":"auto","background-attachment":"scroll","background-type":"","background-media":"","overlay-type":"","overlay-color":"","overlay-opacity":"","overlay-gradient":""}},"ast-content-background-meta":{"desktop":{"background-color":"var(--ast-global-color-5)","background-image":"","background-repeat":"repeat","background-position":"center center","background-size":"auto","background-attachment":"scroll","background-type":"","background-media":"","overlay-type":"","overlay-color":"","overlay-opacity":"","overlay-gradient":""},"tablet":{"background-color":"var(--ast-global-color-5)","background-image":"","background-repeat":"repeat","background-position":"center center","background-size":"auto","background-attachment":"scroll","background-type":"","background-media":"","overlay-type":"","overlay-color":"","overlay-opacity":"","overlay-gradient":""},"mobile":{"background-color":"var(--ast-global-color-5)","background-image":"","background-repeat":"repeat","background-position":"center center","background-size":"auto","background-attachment":"scroll","background-type":"","background-media":"","overlay-type":"","overlay-color":"","overlay-opacity":"","overlay-gradient":""}},"_joinchat":[]},"product_brand":[],"product_cat":[24],"product_tag":[],"class_list":{"0":"post-4199","1":"product","2":"type-product","3":"status-publish","4":"has-post-thumbnail","6":"product_cat-tours","7":"desktop-align-left","8":"tablet-align-left","9":"mobile-align-left","11":"first","12":"instock","13":"featured","14":"taxable","15":"shipping-taxable","16":"purchasable","17":"product-type-simple"},"_links":{"self":[{"href":"https:\/\/easytravelmexico.com\/es\/wp-json\/wp\/v2\/product\/4199","targetHints":{"allow":["GET"]}}],"collection":[{"href":"https:\/\/easytravelmexico.com\/es\/wp-json\/wp\/v2\/product"}],"about":[{"href":"https:\/\/easytravelmexico.com\/es\/wp-json\/wp\/v2\/types\/product"}],"replies":[{"embeddable":true,"href":"https:\/\/easytravelmexico.com\/es\/wp-json\/wp\/v2\/comments?post=4199"}],"version-history":[{"count":8,"href":"https:\/\/easytravelmexico.com\/es\/wp-json\/wp\/v2\/product\/4199\/revisions"}],"predecessor-version":[{"id":6427,"href":"https:\/\/easytravelmexico.com\/es\/wp-json\/wp\/v2\/product\/4199\/revisions\/6427"}],"wp:featuredmedia":[{"embeddable":true,"href":"https:\/\/easytravelmexico.com\/es\/wp-json\/wp\/v2\/media\/4718"}],"wp:attachment":[{"href":"https:\/\/easytravelmexico.com\/es\/wp-json\/wp\/v2\/media?parent=4199"}],"wp:term":[{"taxonomy":"product_brand","embeddable":true,"href":"https:\/\/easytravelmexico.com\/es\/wp-json\/wp\/v2\/product_brand?post=4199"},{"taxonomy":"product_cat","embeddable":true,"href":"https:\/\/easytravelmexico.com\/es\/wp-json\/wp\/v2\/product_cat?post=4199"},{"taxonomy":"product_tag","embeddable":true,"href":"https:\/\/easytravelmexico.com\/es\/wp-json\/wp\/v2\/product_tag?post=4199"}],"curies":[{"name":"wp","href":"https:\/\/api.w.org\/{rel}","templated":true}]}}