{"id":3621,"date":"2021-12-17T19:07:42","date_gmt":"2021-12-17T19:07:42","guid":{"rendered":"https:\/\/outlet-tours.com\/?post_type=product&#038;p=3621"},"modified":"2025-08-09T03:29:23","modified_gmt":"2025-08-09T03:29:23","slug":"dolphin-royal-swim-kids","status":"publish","type":"product","link":"https:\/\/easytravelmexico.com\/es\/producto\/dolphin-royal-swim-kids\/","title":{"rendered":"Nado con delfines DOLPHIN ROYAL para ni\u00f1os"},"content":{"rendered":"<p><span style=\"vertical-align: inherit\"><span style=\"vertical-align: inherit\">\u00bfTe imaginas c\u00f3mo se siente nadar con delfines? <\/span><span style=\"vertical-align: inherit\">Puedes dejar de imaginarlo y empezar a vivir esta fant\u00e1stica experiencia en Isla Mujeres, Canc\u00fan. <\/span><span style=\"vertical-align: inherit\">Isla Mujeres es una isla maravillosa del Caribe Mexicano; <\/span><span style=\"vertical-align: inherit\">est\u00e1 lleno de vida y energ\u00eda, y es el hogar de muchas especies asombrosas que habitan en esta hermosa isla envuelta por interminables aguas cristalinas.<\/span><\/span><\/p>\n<p><span style=\"vertical-align: inherit\"><span style=\"vertical-align: inherit\">Aprovecha la oportunidad de realizar incre\u00edbles actividades con delfines, como acariciar y abrazar a estas adorables criaturas. <\/span><span style=\"vertical-align: inherit\">Pero la diversi\u00f3n realmente comienza cuando experimentas el emocionante remolque dorsal y el empuje del pie. <\/span><span style=\"vertical-align: inherit\">Muchas m\u00e1s actividades involucradas como andar en bicicleta y disfrutar de la naturaleza colorida del lugar, nadar en nuestra incre\u00edble piscina infinita o simplemente tumbarse junto a la piscina o en nuestras c\u00f3modas tumbonas y tomar un c\u00e1lido ba\u00f1o de sol. <\/span><span style=\"vertical-align: inherit\">No olvides disfrutar de las delicias de nuestro buffet y barra libre en nuestra zona VIP. <\/span><span style=\"vertical-align: inherit\">el programa para hacer recuerdos eternos y preciados!<\/span><\/span><\/p>\n<p><span style=\"vertical-align: inherit\"><span style=\"vertical-align: inherit\">martes, mi\u00e9rcoles, jueves, viernes, s\u00e1bado, domingo. <\/span><\/span><br \/>\n<span style=\"vertical-align: inherit\"><span style=\"vertical-align: inherit\">\u25cf 10:30 <\/span><\/span><br \/>\n<span style=\"vertical-align: inherit\"><span style=\"vertical-align: inherit\">\u25cf 12:00 <\/span><\/span><br \/>\n<span style=\"vertical-align: inherit\"><span style=\"vertical-align: inherit\">\u25cf 13:30 <\/span><\/span><br \/>\n<span style=\"vertical-align: inherit\"><span style=\"vertical-align: inherit\">\u25cf 15:30<\/span><\/span><\/p>\n<p><strong><span style=\"vertical-align: inherit\"><span style=\"vertical-align: inherit\">\u00a0 \u00a0 INCLUIDO:<\/span><\/span><\/strong><\/p>\n<p><span style=\"vertical-align: inherit\"><span style=\"vertical-align: inherit\">*15 min de interacci\u00f3n con el manat\u00ed. <\/span><\/span><br \/>\n<span style=\"vertical-align: inherit\"><span style=\"vertical-align: inherit\">Solo para horario de nado con definido a las 12:00 p.m. <\/span><span style=\"vertical-align: inherit\">Verifique en recepci\u00f3n cuando llegue <\/span><\/span><br \/>\n<span style=\"vertical-align: inherit\"><span style=\"vertical-align: inherit\">Transporte redondo en ferry: <\/span><\/span><br \/>\n<span style=\"vertical-align: inherit\"><span style=\"vertical-align: inherit\">Canc\u00fan a Isla Mujeres \/ Isla Mujeres a Canc\u00fan <\/span><\/span><br \/>\n<span style=\"vertical-align: inherit\"><span style=\"vertical-align: inherit\">Si se hospeda en Puerto Ju\u00e1rez, comun\u00edquese con nuestro Call Center). <\/span><\/span><br \/>\n<span style=\"vertical-align: inherit\"><span style=\"vertical-align: inherit\">15 min de sesi\u00f3n informativa. <\/span><\/span><br \/>\n<span style=\"vertical-align: inherit\"><span style=\"vertical-align: inherit\">60 minutos en el agua. <\/span><\/span><br \/>\n<span style=\"vertical-align: inherit\"><span style=\"vertical-align: inherit\">Almuerzo buffet y barra libre nacional. <\/span><\/span><br \/>\n<span style=\"vertical-align: inherit\"><span style=\"vertical-align: inherit\">Amenidades: casilleros, regaderas, alberca, camastros. <\/span><\/span><br \/>\n<span style=\"vertical-align: inherit\"><span style=\"vertical-align: inherit\">Tour en bicicleta. <\/span><\/span><br \/>\n<span style=\"vertical-align: inherit\"><span style=\"vertical-align: inherit\">Zona VIP (restaurantes y piscina panor\u00e1mica).<\/span><\/span><\/p>\n<p>&nbsp;<\/p>\n<p><strong><span style=\"vertical-align: inherit\"><span style=\"vertical-align: inherit\">\u00a0 \u00a0 NO INCLUYE<\/span><\/span><\/strong><br \/>\n<span style=\"vertical-align: inherit\"><span style=\"vertical-align: inherit\"> Tasa de muelle de 13 USD, a pagar al momento del check-in. <\/span><\/span><br \/>\n<span style=\"vertical-align: inherit\"><span style=\"vertical-align: inherit\">Ni\u00f1os mayores de 6 a\u00f1os tarifa pagana de muelle. <\/span><\/span><br \/>\n<span style=\"vertical-align: inherit\"><span style=\"vertical-align: inherit\">Transporte terrestre de $15.00 USD. <\/span><\/span><br \/>\n<span style=\"vertical-align: inherit\"><span style=\"vertical-align: inherit\">En un descanso durante el Tour en Bicicleta, tendr\u00e1s la opci\u00f3n de realizar un tour a la Granja de Tortugas con un costo adicional. <\/span><\/span><br \/>\n<span style=\"vertical-align: inherit\"><span style=\"vertical-align: inherit\">Fotos de tu experiencia con los delfines. <\/span><\/span><br \/>\n<span style=\"vertical-align: inherit\"><span style=\"vertical-align: inherit\">Otras actividades en Canc\u00fan o Isla Mujeres. <\/span><\/span><br \/>\n<strong><span style=\"vertical-align: inherit\"><span style=\"vertical-align: inherit\">INFORMACI\u00d3N ADICIONAL<\/span><\/span><\/strong><br \/>\n<span style=\"vertical-align: inherit\"><span style=\"vertical-align: inherit\"> No incluya en su reserva a ni\u00f1os menores de 6 a\u00f1os ya que son gratuitos; <\/span><span style=\"vertical-align: inherit\">Sin embargo, aseg\u00farese de agregarlos en la secci\u00f3n de comentarios de su reserva. <\/span><\/span><br \/>\n<span style=\"vertical-align: inherit\"><span style=\"vertical-align: inherit\">Todos los participantes deben tener al menos 3,9 a\u00f1os para realizar las actividades de snorkel. <\/span><\/span><br \/>\n<em><strong><span style=\"vertical-align: inherit\"><span style=\"vertical-align: inherit\">Los ni\u00f1os de m\u00e1s de 4,6 pies<\/span><\/span><\/strong><\/em><span style=\"vertical-align: inherit\"><span style=\"vertical-align: inherit\"> Podr\u00e1n participar solos en cualquiera de nuestros programas con delfines pagando la tarifa de adulto.<\/span><\/span><br \/>\n<span style=\"vertical-align: inherit\"><span style=\"vertical-align: inherit\">Para participar en los programas Swim Adventure o Royal Swim, <\/span><\/span><strong><span style=\"vertical-align: inherit\"><span style=\"vertical-align: inherit\">los ni\u00f1os de m\u00e1s de 3,9 pies hasta 4,6 pies<\/span><\/span><\/strong><span style=\"vertical-align: inherit\"><span style=\"vertical-align: inherit\"> Deben estar acompa\u00f1ados por un adulto que pague (1 adulto por ni\u00f1o). <\/span><\/span><br \/>\n<span style=\"vertical-align: inherit\"><span style=\"vertical-align: inherit\">Para participar en los programas Swim Adventure o Royal Swim, <\/span><\/span><em><strong><span style=\"vertical-align: inherit\"><span style=\"vertical-align: inherit\">los ni\u00f1os de m\u00e1s de 1 metro y hasta 3,9 pies<\/span><\/span><\/strong><\/em><span style=\"vertical-align: inherit\"><span style=\"vertical-align: inherit\"> deben estar acompa\u00f1ados por dos adultos que paguen (2 adultos por ni\u00f1o) <\/span><\/span><br \/>\n<span style=\"vertical-align: inherit\"><span style=\"vertical-align: inherit\">Los ni\u00f1os de menos de 1 metro se consideran beb\u00e9s y realizar\u00e1n actividades de Encuentro independientemente del programa en el que participen (es requisito que se ajusten el chaleco). <\/span><\/span><br \/>\n<span style=\"vertical-align: inherit\"><span style=\"vertical-align: inherit\">Por razones de seguridad, est\u00e1 prohibido el uso de c\u00e1maras en el agua. <\/span><span style=\"vertical-align: inherit\">Fotos profesionales estar\u00e1n disponibles para la venta. <\/span><\/span><br \/>\n<span style=\"vertical-align: inherit\"><span style=\"vertical-align: inherit\">En este programa en Isla Mujeres, el n\u00famero m\u00e1ximo de personas por grupo es de 10 para garantizar una mejor experiencia.<\/span><\/span><br \/>\n<span style=\"vertical-align: inherit\"><span style=\"vertical-align: inherit\">El uso de chalecos salvavidas es obligatorio en todos los programas acu\u00e1ticos. <\/span><\/span><br \/>\n<span style=\"vertical-align: inherit\"><span style=\"vertical-align: inherit\">Paquete de fotos disponible durante su proceso de reserva en su carrito de compras. <\/span><\/span><br \/>\n<strong><span style=\"vertical-align: inherit\"><span style=\"vertical-align: inherit\">\u00a0 \u00a0 \u00a0 \u00a0 \u00a0IMPORTANTE:<\/span><\/span><\/strong><span style=\"vertical-align: inherit\"><span style=\"vertical-align: inherit\"> Actualmente NO estamos aceptando d\u00f3lares estadounidenses en efectivo en nuestras instalaciones (check-in, restaurante, boutique y fotos), sin embargo, aceptamos pesos mexicanos en efectivo. <\/span><span style=\"vertical-align: inherit\">Si desea utilizar una tarjeta de cr\u00e9dito o d\u00e9bito internacional, los pagos se realizar\u00e1n en moneda mexicana o estadounidense.<\/span><\/span><\/p>\n<p><strong><span style=\"vertical-align: inherit\"><span style=\"vertical-align: inherit\">\u00a0 \u00a0 \u00a0 \u00a0RECOMENDACIONES<\/span><\/span><\/strong><br \/>\n<span style=\"vertical-align: inherit\"><span style=\"vertical-align: inherit\"> Lleve toallas y dinero en efectivo para taxis, compras, comidas, etc. <\/span><\/span><br \/>\n<span style=\"vertical-align: inherit\"><span style=\"vertical-align: inherit\">Por razones de seguridad, las mujeres embarazadas de 5 meses o m\u00e1s no pueden participar en ninguno de nuestros programas acu\u00e1ticos. <\/span><span style=\"vertical-align: inherit\">Sin embargo, las mujeres embarazadas de menos de 5 meses solo pueden participar en el programa Encuentro si est\u00e1n acompa\u00f1adas por otro adulto y despu\u00e9s de firmar una exenci\u00f3n. <\/span><\/span><br \/>\n<span style=\"vertical-align: inherit\"><span style=\"vertical-align: inherit\">Si tiene alg\u00fan problema f\u00edsico o de salud, comun\u00edquese con nuestro centro de llamadas antes de reservar su reserva para que podamos brindarle informaci\u00f3n completa sobre nuestros servicios. <\/span><\/span><br \/>\n<span style=\"vertical-align: inherit\"><span style=\"vertical-align: inherit\">Es importante llegar 30 minutos antes de su programa, recuerde que recibir\u00e1 una breve sesi\u00f3n informativa antes de nadar. <\/span><\/span><br \/>\n<span style=\"vertical-align: inherit\"><span style=\"vertical-align: inherit\">Recuerda usar protector solar biodegradable para proteger tu piel, el medio ambiente y las especies marinas.<\/span><\/span><\/p>\n<p>&nbsp;<\/p>","protected":false},"excerpt":{"rendered":"<p><span style=\"vertical-align: inherit\"><span style=\"vertical-align: inherit\">\u00bfC\u00f3mo se siente nadar con delfines? <\/span><span style=\"vertical-align: inherit\">Puedes dejar de imaginarlo y empezar a vivir esta fant\u00e1stica experiencia en Isla Mujeres, Canc\u00fan. <\/span><span style=\"vertical-align: inherit\">Isla Mujeres es una isla maravillosa del Caribe Mexicano; <\/span><span style=\"vertical-align: inherit\">est\u00e1 lleno de vida y energ\u00eda, y es el hogar de muchas especies asombrosas que habitan en esta hermosa isla envuelta por interminables aguas cristalinas.<\/span><\/span><\/p>\n<p><em><strong><span style=\"vertical-align: inherit\"><span style=\"vertical-align: inherit\">Es muy importante:<\/span><\/span><\/strong><\/em><span style=\"vertical-align: inherit\"><span style=\"vertical-align: inherit\"> compruebe todas las descripciones. <\/span><span style=\"vertical-align: inherit\">Todas las actividades con delfines tienen muchas restricciones o detalles que debes tener en cuenta. <\/span><span style=\"vertical-align: inherit\">Queremos que disfrute y tenga unas vacaciones inolvidables.<\/span><\/span><\/p>\n<p>&nbsp;<\/p>","protected":false},"featured_media":3401,"comment_status":"open","ping_status":"closed","template":"","meta":{"site-sidebar-layout":"default","site-content-layout":"default","ast-site-content-layout":"default","site-content-style":"default","site-sidebar-style":"default","ast-global-header-display":"","ast-banner-title-visibility":"","ast-main-header-display":"","ast-hfb-above-header-display":"","ast-hfb-below-header-display":"","ast-hfb-mobile-header-display":"","site-post-title":"","ast-breadcrumbs-content":"","ast-featured-img":"","footer-sml-layout":"","ast-disable-related-posts":"","theme-transparent-header-meta":"default","adv-header-id-meta":"","stick-header-meta":"default","header-above-stick-meta":"","header-main-stick-meta":"","header-below-stick-meta":"","astra-migrate-meta-layouts":"default","ast-page-background-enabled":"default","ast-page-background-meta":{"desktop":{"background-color":"","background-image":"","background-repeat":"repeat","background-position":"center center","background-size":"auto","background-attachment":"scroll","background-type":"","background-media":"","overlay-type":"","overlay-color":"","overlay-opacity":"","overlay-gradient":""},"tablet":{"background-color":"","background-image":"","background-repeat":"repeat","background-position":"center center","background-size":"auto","background-attachment":"scroll","background-type":"","background-media":"","overlay-type":"","overlay-color":"","overlay-opacity":"","overlay-gradient":""},"mobile":{"background-color":"","background-image":"","background-repeat":"repeat","background-position":"center center","background-size":"auto","background-attachment":"scroll","background-type":"","background-media":"","overlay-type":"","overlay-color":"","overlay-opacity":"","overlay-gradient":""}},"ast-content-background-meta":{"desktop":{"background-color":"var(--ast-global-color-5)","background-image":"","background-repeat":"repeat","background-position":"center center","background-size":"auto","background-attachment":"scroll","background-type":"","background-media":"","overlay-type":"","overlay-color":"","overlay-opacity":"","overlay-gradient":""},"tablet":{"background-color":"var(--ast-global-color-5)","background-image":"","background-repeat":"repeat","background-position":"center center","background-size":"auto","background-attachment":"scroll","background-type":"","background-media":"","overlay-type":"","overlay-color":"","overlay-opacity":"","overlay-gradient":""},"mobile":{"background-color":"var(--ast-global-color-5)","background-image":"","background-repeat":"repeat","background-position":"center center","background-size":"auto","background-attachment":"scroll","background-type":"","background-media":"","overlay-type":"","overlay-color":"","overlay-opacity":"","overlay-gradient":""}},"_joinchat":[]},"product_brand":[],"product_cat":[24],"product_tag":[],"class_list":{"0":"post-3621","1":"product","2":"type-product","3":"status-publish","4":"has-post-thumbnail","6":"product_cat-tours","7":"desktop-align-left","8":"tablet-align-left","9":"mobile-align-left","11":"first","12":"instock","13":"sale","14":"featured","15":"taxable","16":"shipping-taxable","17":"purchasable","18":"product-type-simple"},"_links":{"self":[{"href":"https:\/\/easytravelmexico.com\/es\/wp-json\/wp\/v2\/product\/3621","targetHints":{"allow":["GET"]}}],"collection":[{"href":"https:\/\/easytravelmexico.com\/es\/wp-json\/wp\/v2\/product"}],"about":[{"href":"https:\/\/easytravelmexico.com\/es\/wp-json\/wp\/v2\/types\/product"}],"replies":[{"embeddable":true,"href":"https:\/\/easytravelmexico.com\/es\/wp-json\/wp\/v2\/comments?post=3621"}],"version-history":[{"count":6,"href":"https:\/\/easytravelmexico.com\/es\/wp-json\/wp\/v2\/product\/3621\/revisions"}],"predecessor-version":[{"id":7736,"href":"https:\/\/easytravelmexico.com\/es\/wp-json\/wp\/v2\/product\/3621\/revisions\/7736"}],"wp:featuredmedia":[{"embeddable":true,"href":"https:\/\/easytravelmexico.com\/es\/wp-json\/wp\/v2\/media\/3401"}],"wp:attachment":[{"href":"https:\/\/easytravelmexico.com\/es\/wp-json\/wp\/v2\/media?parent=3621"}],"wp:term":[{"taxonomy":"product_brand","embeddable":true,"href":"https:\/\/easytravelmexico.com\/es\/wp-json\/wp\/v2\/product_brand?post=3621"},{"taxonomy":"product_cat","embeddable":true,"href":"https:\/\/easytravelmexico.com\/es\/wp-json\/wp\/v2\/product_cat?post=3621"},{"taxonomy":"product_tag","embeddable":true,"href":"https:\/\/easytravelmexico.com\/es\/wp-json\/wp\/v2\/product_tag?post=3621"}],"curies":[{"name":"wp","href":"https:\/\/api.w.org\/{rel}","templated":true}]}}