{"id":3534,"date":"2021-12-12T04:46:37","date_gmt":"2021-12-12T04:46:37","guid":{"rendered":"https:\/\/outlet-tours.com\/?post_type=product&#038;p=3534"},"modified":"2022-06-16T02:19:49","modified_gmt":"2022-06-16T02:19:49","slug":"5-horseback-riding-ziplines-bonus-cenote-tour","status":"publish","type":"product","link":"https:\/\/easytravelmexico.com\/es\/producto\/5-horseback-riding-ziplines-bonus-cenote-tour\/","title":{"rendered":"Cabalgata \u2013 ZipLines &amp; Cenote Tour"},"content":{"rendered":"<h3>Tirolesas \u2013 Paseo a Caballo y CENOTE<\/h3>\n<h4>Descripci\u00f3n:<\/h4>\n<h3>Combina las actividades m\u00e1s emocionantes. Siente la emoci\u00f3n extrema.<\/h3>\n<p><strong>TIROLESA<\/strong> Iniciamos esta emocionante aventura en el dosel de la selva con un circuito de 7 l\u00edneas 2 puentes colgantes y una telara\u00f1a; divertido Tienes que realizar tu sue\u00f1o de volar entre las copas de los \u00e1rboles recorriendo el circuito de tirolesas y sus puentes.<\/p>\n<p>Importante para esta actividad: Peso m\u00e1ximo 240 lbs. (110kg)<\/p>\n<p><strong>Montar a caballo<\/strong> Contin\u00faa 35 minutos en la Jungla con gu\u00edas de habla inglesa, aventura inolvidable en nuestra impresionante selva maya a caballo por senderos inmersos en la selva donde tendr\u00e1s la oportunidad de admirar incre\u00edbles paisajes naturales.<\/p>\n<p>Importante para esta actividad: Peso m\u00e1ximo 220 lbs. (100 kg) y m\u00ednimo 55 libras. (20kg)<\/p>\n<p>CENOTE: Nadar\u00e1s en nuestro refrescante Cenote y sus cristalinas aguas y disfrutar\u00e1s de 2 Tirolesas acu\u00e1ticas antes de un delicioso snack para recuperar energ\u00edas en nuestra palapa principal.<\/p>\n<p><em><strong>Los ni\u00f1os tienen de 5 a 11 a\u00f1os. <\/strong><\/em><em>Los ni\u00f1os deber\u00e1n estar con un adulto responsable.<\/em><\/p>\n<p>No se recomienda para personas con problemas de espalda, mujeres embarazadas o personas con limitaciones f\u00edsicas.<\/p>\n<p>Lo recogeremos en su Hotel (opcional) La mayor\u00eda de los hoteles en Canc\u00fan, Playa del Carmen.<\/p>\n<h4>Reflejos:<\/h4>\n<p>Una aut\u00e9ntica tirolesa en canopy, un circuito lleno de diversi\u00f3n y emociones. Seguido del circuito off road manejando una cuatrimoto por la selva, al final tendr\u00e1s la oportunidad de nadar en una formaci\u00f3n de agua muy particular \u00fanica en el mundo que se conoce como Cenote. Nuestros gu\u00edas biling\u00fces experimentados y amables se ocupar\u00e1n de usted, asegur\u00e1ndose de que pase un viaje seguro y maravilloso.<\/p>\n<h4>Incluye:<\/h4>\n<p>Gu\u00eda biling\u00fce<br \/>\nTransporte compartido opcional<br \/>\nSnack (fajitas de pollo, arroz y frijoles)<br \/>\nLimonada (ilimitada)<\/p>\n<h4>Exclusiones:<\/h4>\n<p>Fotograf\u00eda, Lockers, Propinas, Souvenirs, Bebidas Alcoh\u00f3licas, Toallas. Propinas, souvenirs. Todo disponible opcional.<\/p>\n<h4>Que traer:<\/h4>\n<p>Protector solar biodegradable y repelente de insectos<br \/>\nCambio de ropa<br \/>\nGafas de sol<br \/>\nTraje de ba\u00f1o<br \/>\nToalla<br \/>\nDinero extra para souvenirs y propinas (opcional)<\/p>\n<h4>Inf\u00f3rmese antes de reservar:<\/h4>\n<p>Debes tener 14 a\u00f1os para conducir una cuatrimoto con permiso de un adulto.<br \/>\nEl peso m\u00e1ximo por persona es de 100 kg \/ 220 lbs.<br \/>\nSi tiene problemas de espalda, cuello, articulaciones, m\u00fasculos o si est\u00e1 embarazada, debe considerar cuidadosamente su participaci\u00f3n.<br \/>\nSi tienes 17 a\u00f1os o menos, debes tener el permiso de tus padres o tutores.<br \/>\nMientras participes en la actividad, no puedes traer c\u00e1maras de ning\u00fan tipo, drones u objetos de valor.<br \/>\nEs importante llegar 30 minutos antes de su reserva.<br \/>\nPor favor traiga su reserva de reserva y su identificaci\u00f3n.<\/p>\n<p class=\"translation-block\">Start time: 9:20 am,  12:15 pm   We will advise the pick-up time<\/p>\n<p>Lo recogeremos a la hora de su Hotel (opcional) o en un punto de encuentro dependiendo de la ubicaci\u00f3n del hotel. Te avisaremos.<\/p>\n<p class=\"translation-block\">Start time: 9:20 am,  12:15 pm   We will advise the pick-up time<\/p>\n<p>Lo recogeremos a la hora de su Hotel (opcional) o en un punto de encuentro dependiendo de la ubicaci\u00f3n del hotel. Te avisaremos.<\/p>","protected":false},"excerpt":{"rendered":"<p><strong>TIROLESA<\/strong> Iniciamos esta emocionante aventura en el dosel de la selva con un circuito de 7 l\u00edneas 2 puentes colgantes y una telara\u00f1a; divertido Tienes que realizar tu sue\u00f1o de volar entre las copas de los \u00e1rboles recorriendo el circuito de tirolesas y sus puentes.<\/p>\n<p>Importante para esta actividad: Peso m\u00e1ximo 240 lbs. (110kg)<\/p>\n<p><strong>Montar a caballo<\/strong> Contin\u00faa 35 minutos en la Jungla con gu\u00edas de habla inglesa, aventura inolvidable en nuestra impresionante selva maya a caballo por senderos inmersos en la selva donde tendr\u00e1s la oportunidad de admirar incre\u00edbles paisajes naturales.<\/p>\n<p>CENOTE: Nadar\u00e1s en nuestro refrescante Cenote y sus cristalinas aguas y disfrutar\u00e1s de 2 Tirolesas acu\u00e1ticas antes de un delicioso snack para recuperar energ\u00edas en nuestra palapa principal.<br \/>\nLos ni\u00f1os tienen entre 5 y 11 a\u00f1os. Deber\u00e1n estar acompa\u00f1ados por un adulto responsable.<br \/>\nNo se recomienda para personas con problemas de espalda, mujeres embarazadas o personas con limitaciones f\u00edsicas.<br \/>\nLo recogeremos en su Hotel (opcional) La mayor\u00eda de los hoteles en Canc\u00fan, Playa del Carmen.<\/p>\n<p class=\"translation-block\">Start time: 9:20 am,  12:15 pm   We will advise the pick-up time<\/p>\n<p>Lo recogeremos a la hora de su Hotel (opcional) o en un punto de encuentro dependiendo de la ubicaci\u00f3n del hotel. Te avisaremos.<\/p>\n<table style=\"border-collapse: collapse; width: 371px; height: 128px;\" border=\"0\" width=\"160\" cellspacing=\"0\" cellpadding=\"0\">\n<tbody>\n<tr style=\"height: 15.0pt;\">\n<td style=\"height: 15.0pt; width: 60pt;\" width=\"80\" height=\"20\"><img fetchpriority=\"high\" decoding=\"async\" class=\"alignnone size-medium wp-image-4141\" src=\"https:\/\/easytravelmexico.com\/wp-content\/uploads\/2021\/12\/1-Imagen1.5-300x170.png\" alt=\"\" width=\"300\" height=\"170\" \/><\/td>\n<td style=\"width: 60pt;\" width=\"80\"><strong>Ahorre: 30 USD POR CADA PERSONA<\/strong><\/td>\n<\/tr>\n<\/tbody>\n<\/table>","protected":false},"featured_media":6429,"comment_status":"open","ping_status":"closed","template":"","meta":{"site-sidebar-layout":"default","site-content-layout":"default","ast-site-content-layout":"default","site-content-style":"default","site-sidebar-style":"default","ast-global-header-display":"","ast-banner-title-visibility":"","ast-main-header-display":"","ast-hfb-above-header-display":"","ast-hfb-below-header-display":"","ast-hfb-mobile-header-display":"","site-post-title":"","ast-breadcrumbs-content":"","ast-featured-img":"","footer-sml-layout":"","ast-disable-related-posts":"","theme-transparent-header-meta":"default","adv-header-id-meta":"","stick-header-meta":"default","header-above-stick-meta":"","header-main-stick-meta":"","header-below-stick-meta":"","astra-migrate-meta-layouts":"default","ast-page-background-enabled":"default","ast-page-background-meta":{"desktop":{"background-color":"","background-image":"","background-repeat":"repeat","background-position":"center center","background-size":"auto","background-attachment":"scroll","background-type":"","background-media":"","overlay-type":"","overlay-color":"","overlay-opacity":"","overlay-gradient":""},"tablet":{"background-color":"","background-image":"","background-repeat":"repeat","background-position":"center center","background-size":"auto","background-attachment":"scroll","background-type":"","background-media":"","overlay-type":"","overlay-color":"","overlay-opacity":"","overlay-gradient":""},"mobile":{"background-color":"","background-image":"","background-repeat":"repeat","background-position":"center center","background-size":"auto","background-attachment":"scroll","background-type":"","background-media":"","overlay-type":"","overlay-color":"","overlay-opacity":"","overlay-gradient":""}},"ast-content-background-meta":{"desktop":{"background-color":"var(--ast-global-color-5)","background-image":"","background-repeat":"repeat","background-position":"center center","background-size":"auto","background-attachment":"scroll","background-type":"","background-media":"","overlay-type":"","overlay-color":"","overlay-opacity":"","overlay-gradient":""},"tablet":{"background-color":"var(--ast-global-color-5)","background-image":"","background-repeat":"repeat","background-position":"center center","background-size":"auto","background-attachment":"scroll","background-type":"","background-media":"","overlay-type":"","overlay-color":"","overlay-opacity":"","overlay-gradient":""},"mobile":{"background-color":"var(--ast-global-color-5)","background-image":"","background-repeat":"repeat","background-position":"center center","background-size":"auto","background-attachment":"scroll","background-type":"","background-media":"","overlay-type":"","overlay-color":"","overlay-opacity":"","overlay-gradient":""}},"_joinchat":[]},"product_brand":[],"product_cat":[39,45,33,34,41,44,24],"product_tag":[],"class_list":{"0":"post-3534","1":"product","2":"type-product","3":"status-publish","4":"has-post-thumbnail","6":"product_cat-cun","7":"product_cat-ecoturism-cenotes","8":"product_cat-extreme","9":"product_cat-family","10":"product_cat-pdc","11":"product_cat-theme-parks","12":"product_cat-tours","13":"desktop-align-left","14":"tablet-align-left","15":"mobile-align-left","17":"first","18":"instock","19":"sale","20":"featured","21":"taxable","22":"shipping-taxable","23":"product-type-grouped"},"_links":{"self":[{"href":"https:\/\/easytravelmexico.com\/es\/wp-json\/wp\/v2\/product\/3534","targetHints":{"allow":["GET"]}}],"collection":[{"href":"https:\/\/easytravelmexico.com\/es\/wp-json\/wp\/v2\/product"}],"about":[{"href":"https:\/\/easytravelmexico.com\/es\/wp-json\/wp\/v2\/types\/product"}],"replies":[{"embeddable":true,"href":"https:\/\/easytravelmexico.com\/es\/wp-json\/wp\/v2\/comments?post=3534"}],"version-history":[{"count":16,"href":"https:\/\/easytravelmexico.com\/es\/wp-json\/wp\/v2\/product\/3534\/revisions"}],"predecessor-version":[{"id":7232,"href":"https:\/\/easytravelmexico.com\/es\/wp-json\/wp\/v2\/product\/3534\/revisions\/7232"}],"wp:featuredmedia":[{"embeddable":true,"href":"https:\/\/easytravelmexico.com\/es\/wp-json\/wp\/v2\/media\/6429"}],"wp:attachment":[{"href":"https:\/\/easytravelmexico.com\/es\/wp-json\/wp\/v2\/media?parent=3534"}],"wp:term":[{"taxonomy":"product_brand","embeddable":true,"href":"https:\/\/easytravelmexico.com\/es\/wp-json\/wp\/v2\/product_brand?post=3534"},{"taxonomy":"product_cat","embeddable":true,"href":"https:\/\/easytravelmexico.com\/es\/wp-json\/wp\/v2\/product_cat?post=3534"},{"taxonomy":"product_tag","embeddable":true,"href":"https:\/\/easytravelmexico.com\/es\/wp-json\/wp\/v2\/product_tag?post=3534"}],"curies":[{"name":"wp","href":"https:\/\/api.w.org\/{rel}","templated":true}]}}