{"id":115,"date":"2017-12-18T09:41:08","date_gmt":"2017-12-18T09:41:08","guid":{"rendered":"http:\/\/capatours.com\/product\/green-hoodie\/"},"modified":"2025-08-09T18:04:59","modified_gmt":"2025-08-09T18:04:59","slug":"whale-shark","status":"publish","type":"product","link":"https:\/\/easytravelmexico.com\/es\/producto\/whale-shark\/","title":{"rendered":"Tour Tibur\u00f3n Ballena"},"content":{"rendered":"<p>Este es un tour \u00fanico en el mundo, cerca de Isla Contoy encontraremos el<br \/>\nla mayor concentraci\u00f3n de Tibur\u00f3n Ballena en el mundo, haciendo de esta \u00e1rea<br \/>\nla capital mundial del tibur\u00f3n ballena.<\/p>\n<p>Los horarios de recogida en su hotel o condominio var\u00edan seg\u00fan el lugar donde se encuentre.<br \/>\nhosped\u00e1ndose en, Sur de Playa del Carmen y Tulum de 5:00 am a 6:00<br \/>\nam, Playa del Carmen y Riviera Maya de 6:00 am a 6:30 am y<br \/>\nCanc\u00fan centro y zona hotelera de 6:30 am a 7:10 am.<\/p>\n<p>Despu\u00e9s de tomar un desayuno ligero y escuchar a seguridad y<br \/>\nsesi\u00f3n informativa abordamos los barcos y nos dirigimos al tibur\u00f3n ballena<br \/>\nzona para encontrarlos, cuando lo hacemos empezamos a nadar, nos quedamos en el<br \/>\nzona durante casi 2 horas donde podr\u00e1s nadar con este<br \/>\ngentiles gigantes y tal vez incluso mantarrayas, delfines y tortugas gigantes.<\/p>\n<p>\u00a1Despu\u00e9s de esto, a\u00fan no ha terminado! Te llevaremos a la hermosa Isla<br \/>\nMujeres y su playa de aguas m\u00e1s cristalinas, Playa Norte, donde<br \/>\nsolo que no tendr\u00e1s la oportunidad de hacer m\u00e1s esn\u00f3rquel o relajarte<br \/>\nen la playa pero tambi\u00e9n degustar\u00e1s el delicioso \u201cCeviche\u201d de nuestro Capit\u00e1n<br \/>\nque es una ensalada de pescado fresco marinado con jugo de lima y especias,<br \/>\ndespu\u00e9s de una hora en el para\u00edso, regresamos a nuestra cubierta alrededor de la 1:00 p. m. para tomar<br \/>\nde regreso a su hotel o condominio.<\/p>\n<p><strong>Lo mas atractivo<\/strong><br \/>\nLa experiencia de nadar con tiburones ballena es incre\u00edble y \u00fanica, solo puedes hacerlo en M\u00e9xico.<br \/>\n<strong> \u00a0Incluye:<\/strong><br \/>\nEmbarcaciones compartidas hasta 10 pasajeros por embarcaci\u00f3n<br \/>\nTripulaci\u00f3n biling\u00fce especializada.<br \/>\nEquipo de seguridad (chaleco salvavidas)<br \/>\nequipo de snorkel<br \/>\n<strong>Exclusiones:<\/strong><br \/>\nTransporte<br \/>\nTarifa de muelle<br \/>\nFotos y Videos<br \/>\nPropinas (opcional)<br \/>\n12 USD por la tarifa de muelle<br \/>\n<strong>Que traer:<\/strong><br \/>\nRopa y zapatos c\u00f3modos<br \/>\nTrajes de ba\u00f1o<br \/>\nToalla<br \/>\nProtector solar biodegradable<br \/>\nDinero para souvenirs o fotos<br \/>\n<strong>No permitido:<\/strong><br \/>\nC\u00e1maras (GoPro)<br \/>\nDrones<br \/>\ntel\u00e9fonos inteligentes<br \/>\nCosas valiosas<br \/>\n<strong>\u00a0 \u00a0 \u00a0 \u00a0 \u00a0 \u00a0 \u00a0Inf\u00f3rmese antes de reservar:<\/strong><br \/>\nDebes tener 12 a\u00f1os para realizar esta actividad.<br \/>\nEl peso m\u00ednimo para usar el Jetpack es de 100 libras y un m\u00e1ximo de 285<br \/>\nlibras<br \/>\nSi tiene problemas de espalda, cuello, articulaciones, m\u00fasculos, o si est\u00e1<br \/>\nembarazada, debe considerar detenidamente si desea participar.<br \/>\nSi tiene 17 a\u00f1os o menos, debe tener la autorizaci\u00f3n de sus padres o tutores<br \/>\npermiso.<br \/>\nSe cobrar\u00e1 un recargo adicional de 12 USD por la tarifa de muelle.<br \/>\na la llegada.<br \/>\nMientras participes en la actividad, no puedes traer c\u00e1maras de ning\u00fan tipo.<br \/>\ntipo, drones, o cosas de valor.<br \/>\nEs importante llegar 30 minutos antes de su reserva.<br \/>\nPor favor traiga su reserva de reserva y su identificaci\u00f3n<\/p>","protected":false},"excerpt":{"rendered":"<p>La mejor experiencia, acercarse a un tibur\u00f3n ballena y nadar junto a \u00e9l, es \u00fanica, fant\u00e1stica, simplemente INCRE\u00cdBLE!!!! hazlo solo en M\u00e9xico con los mejores barcos, tripulaci\u00f3n y miles de viajeros satisfechos en 2019<br \/>\nCaribbean Connection es el operador tur\u00edstico con m\u00e1s experiencia para el tibur\u00f3n ballena en Canc\u00fan y ha operado este tour desde 2004.<\/p>\n<p>Ni\u00f1os Debe tener 12 a\u00f1os para realizar esta actividad.<strong>\u00a0 Mismo precio para adultos y ni\u00f1os.<\/strong>.<\/p>\n<p>&nbsp;<\/p>","protected":false},"featured_media":4238,"comment_status":"open","ping_status":"closed","template":"","meta":{"site-sidebar-layout":"default","site-content-layout":"default","ast-site-content-layout":"default","site-content-style":"default","site-sidebar-style":"default","ast-global-header-display":"","ast-banner-title-visibility":"","ast-main-header-display":"","ast-hfb-above-header-display":"","ast-hfb-below-header-display":"","ast-hfb-mobile-header-display":"","site-post-title":"","ast-breadcrumbs-content":"","ast-featured-img":"","footer-sml-layout":"","ast-disable-related-posts":"","theme-transparent-header-meta":"default","adv-header-id-meta":"","stick-header-meta":"default","header-above-stick-meta":"","header-main-stick-meta":"","header-below-stick-meta":"","astra-migrate-meta-layouts":"set","ast-page-background-enabled":"default","ast-page-background-meta":{"desktop":{"background-color":"","background-image":"","background-repeat":"repeat","background-position":"center center","background-size":"auto","background-attachment":"scroll","background-type":"","background-media":"","overlay-type":"","overlay-color":"","overlay-opacity":"","overlay-gradient":""},"tablet":{"background-color":"","background-image":"","background-repeat":"repeat","background-position":"center center","background-size":"auto","background-attachment":"scroll","background-type":"","background-media":"","overlay-type":"","overlay-color":"","overlay-opacity":"","overlay-gradient":""},"mobile":{"background-color":"","background-image":"","background-repeat":"repeat","background-position":"center center","background-size":"auto","background-attachment":"scroll","background-type":"","background-media":"","overlay-type":"","overlay-color":"","overlay-opacity":"","overlay-gradient":""}},"ast-content-background-meta":{"desktop":{"background-color":"var(--ast-global-color-5)","background-image":"","background-repeat":"repeat","background-position":"center center","background-size":"auto","background-attachment":"scroll","background-type":"","background-media":"","overlay-type":"","overlay-color":"","overlay-opacity":"","overlay-gradient":""},"tablet":{"background-color":"var(--ast-global-color-5)","background-image":"","background-repeat":"repeat","background-position":"center center","background-size":"auto","background-attachment":"scroll","background-type":"","background-media":"","overlay-type":"","overlay-color":"","overlay-opacity":"","overlay-gradient":""},"mobile":{"background-color":"var(--ast-global-color-5)","background-image":"","background-repeat":"repeat","background-position":"center center","background-size":"auto","background-attachment":"scroll","background-type":"","background-media":"","overlay-type":"","overlay-color":"","overlay-opacity":"","overlay-gradient":""}},"_joinchat":[]},"product_brand":[],"product_cat":[38,39,45,33,34,41,40,24],"product_tag":[],"class_list":{"0":"post-115","1":"product","2":"type-product","3":"status-publish","4":"has-post-thumbnail","6":"product_cat-aqs","7":"product_cat-cun","8":"product_cat-ecoturism-cenotes","9":"product_cat-extreme","10":"product_cat-family","11":"product_cat-pdc","12":"product_cat-rm","13":"product_cat-tours","14":"desktop-align-left","15":"tablet-align-left","16":"mobile-align-left","18":"first","19":"instock","20":"taxable","21":"shipping-taxable","22":"purchasable","23":"product-type-simple"},"_links":{"self":[{"href":"https:\/\/easytravelmexico.com\/es\/wp-json\/wp\/v2\/product\/115","targetHints":{"allow":["GET"]}}],"collection":[{"href":"https:\/\/easytravelmexico.com\/es\/wp-json\/wp\/v2\/product"}],"about":[{"href":"https:\/\/easytravelmexico.com\/es\/wp-json\/wp\/v2\/types\/product"}],"replies":[{"embeddable":true,"href":"https:\/\/easytravelmexico.com\/es\/wp-json\/wp\/v2\/comments?post=115"}],"version-history":[{"count":7,"href":"https:\/\/easytravelmexico.com\/es\/wp-json\/wp\/v2\/product\/115\/revisions"}],"predecessor-version":[{"id":4240,"href":"https:\/\/easytravelmexico.com\/es\/wp-json\/wp\/v2\/product\/115\/revisions\/4240"}],"wp:featuredmedia":[{"embeddable":true,"href":"https:\/\/easytravelmexico.com\/es\/wp-json\/wp\/v2\/media\/4238"}],"wp:attachment":[{"href":"https:\/\/easytravelmexico.com\/es\/wp-json\/wp\/v2\/media?parent=115"}],"wp:term":[{"taxonomy":"product_brand","embeddable":true,"href":"https:\/\/easytravelmexico.com\/es\/wp-json\/wp\/v2\/product_brand?post=115"},{"taxonomy":"product_cat","embeddable":true,"href":"https:\/\/easytravelmexico.com\/es\/wp-json\/wp\/v2\/product_cat?post=115"},{"taxonomy":"product_tag","embeddable":true,"href":"https:\/\/easytravelmexico.com\/es\/wp-json\/wp\/v2\/product_tag?post=115"}],"curies":[{"name":"wp","href":"https:\/\/api.w.org\/{rel}","templated":true}]}}